{"id":25734,"date":"2024-05-14T08:48:06","date_gmt":"2024-05-14T08:48:06","guid":{"rendered":"https:\/\/auriane.teeptrak.com\/?page_id=25734"},"modified":"2026-01-27T16:34:38","modified_gmt":"2026-01-27T16:34:38","slug":"etudes-de-cas","status":"publish","type":"page","link":"https:\/\/teeptrak.com\/fr\/etudes-de-cas\/","title":{"rendered":"\u00c9tudes de Cas"},"content":{"rendered":"<p>[et_pb_section fb_built=\u00a0\u00bb1&Prime; module_class=\u00a0\u00bbsection-overlay-bottom\u00a0\u00bb _builder_version=\u00a0\u00bb4.27.2&Prime; _module_preset=\u00a0\u00bbdefault\u00a0\u00bb background_image=\u00a0\u00bbhttps:\/\/teeptrak.com\/wp-content\/uploads\/2024\/06\/fond-reseaux_Reseau_Blanc_reverse.png\u00a0\u00bb min_height_tablet=\u00a0\u00bb\u00a0\u00bb min_height_phone=\u00a0\u00bb\u00a0\u00bb min_height_last_edited=\u00a0\u00bbon|desktop\u00a0\u00bb custom_margin=\u00a0\u00bb||||false|false\u00a0\u00bb custom_margin_tablet=\u00a0\u00bb\u00a0\u00bb custom_margin_phone=\u00a0\u00bb||||false|false\u00a0\u00bb custom_margin_last_edited=\u00a0\u00bbon|phone\u00a0\u00bb custom_padding=\u00a0\u00bb||2px|||\u00a0\u00bb global_colors_info=\u00a0\u00bb{}\u00a0\u00bb][et_pb_row module_class=\u00a0\u00bbrow-exhero\u00a0\u00bb _builder_version=\u00a0\u00bb4.27.0&Prime; _module_preset=\u00a0\u00bbdefault\u00a0\u00bb global_colors_info=\u00a0\u00bb{}\u00a0\u00bb][et_pb_column type=\u00a0\u00bb4_4&Prime; _builder_version=\u00a0\u00bb4.21.0&Prime; _module_preset=\u00a0\u00bbdefault\u00a0\u00bb global_colors_info=\u00a0\u00bb{}\u00a0\u00bb][et_pb_text _builder_version=\u00a0\u00bb4.27.2&Prime; _module_preset=\u00a0\u00bbdefault\u00a0\u00bb text_font=\u00a0\u00bb||||||||\u00a0\u00bb header_font=\u00a0\u00bb|300|||||||\u00a0\u00bb header_font_size=\u00a0\u00bb38px\u00a0\u00bb header_2_font=\u00a0\u00bb|600|||||||\u00a0\u00bb header_2_font_size=\u00a0\u00bb32px\u00a0\u00bb custom_margin=\u00a0\u00bb||0px||false|false\u00a0\u00bb global_colors_info=\u00a0\u00bb{}\u00a0\u00bb]<\/p>\n<p style=\"text-align: right;text-align: right; color: #000000; font-size: 38px; font-weight:300;line-height:50px;\">\u00c9tudes de cas<\/span><\/p>\n<h1 style=\"text-align: right;\"><strong>T\u00e9moignages de R\u00e9ussite et d&rsquo;Innovation<\/strong><\/span><\/h1>\n<p>[\/et_pb_text][et_pb_divider show_divider=\u00a0\u00bboff\u00a0\u00bb _builder_version=\u00a0\u00bb4.27.0&Prime; _module_preset=\u00a0\u00bbdefault\u00a0\u00bb background_image=\u00a0\u00bbhttps:\/\/teeptrak.com\/wp-content\/uploads\/2024\/12\/trait-teeptrak-clear.svg\u00a0\u00bb width=\u00a0\u00bb65%\u00a0\u00bb module_alignment=\u00a0\u00bbright\u00a0\u00bb min_height=\u00a0\u00bb7.4px\u00a0\u00bb height=\u00a0\u00bb1px\u00a0\u00bb max_height=\u00a0\u00bb100px\u00a0\u00bb custom_margin=\u00a0\u00bb|-32px|10px|0px|false|false\u00a0\u00bb custom_padding=\u00a0\u00bb0px|0px|0px|0px|false|false\u00a0\u00bb global_colors_info=\u00a0\u00bb{}\u00a0\u00bb][\/et_pb_divider][\/et_pb_column][\/et_pb_row][et_pb_row custom_padding_last_edited=\u00a0\u00bbon|tablet\u00a0\u00bb _builder_version=\u00a0\u00bb4.21.0&Prime; _module_preset=\u00a0\u00bbdefault\u00a0\u00bb background_color=\u00a0\u00bb#FFFFFF\u00a0\u00bb width=\u00a0\u00bb100%\u00a0\u00bb width_tablet=\u00a0\u00bb90%\u00a0\u00bb width_phone=\u00a0\u00bb90%\u00a0\u00bb width_last_edited=\u00a0\u00bbon|tablet\u00a0\u00bb custom_margin=\u00a0\u00bb45px||||false|false\u00a0\u00bb custom_margin_tablet=\u00a0\u00bb45px||||false|false\u00a0\u00bb custom_margin_phone=\u00a0\u00bb0px||||false|false\u00a0\u00bb custom_margin_last_edited=\u00a0\u00bbon|phone\u00a0\u00bb custom_padding=\u00a0\u00bb65px|92px|65px|92px|true|true\u00a0\u00bb custom_padding_tablet=\u00a0\u00bb40px|40px|40px|40px|true|true\u00a0\u00bb custom_padding_phone=\u00a0\u00bb20px|20px|20px|20px|true|true\u00a0\u00bb border_radii=\u00a0\u00bbon|25px|25px|25px|25px\u00a0\u00bb box_shadow_style=\u00a0\u00bbpreset1&Prime; global_colors_info=\u00a0\u00bb{}\u00a0\u00bb][et_pb_column type=\u00a0\u00bb4_4&Prime; _builder_version=\u00a0\u00bb4.21.0&Prime; _module_preset=\u00a0\u00bbdefault\u00a0\u00bb global_colors_info=\u00a0\u00bb{}\u00a0\u00bb][et_pb_text _builder_version=\u00a0\u00bb4.27.2&Prime; _module_preset=\u00a0\u00bbdefault\u00a0\u00bb text_font=\u00a0\u00bb|300|||||||\u00a0\u00bb text_line_height=\u00a0\u00bb1.8em\u00a0\u00bb header_2_font=\u00a0\u00bbRoboto|300|||||||\u00a0\u00bb header_2_text_color=\u00a0\u00bb#E02B20&Prime; header_2_font_size=\u00a0\u00bb28px\u00a0\u00bb header_2_line_height=\u00a0\u00bb1.3em\u00a0\u00bb custom_padding=\u00a0\u00bb|||7px||\u00a0\u00bb text_font_size_tablet=\u00a0\u00bb\u00a0\u00bb text_font_size_phone=\u00a0\u00bb14px\u00a0\u00bb text_font_size_last_edited=\u00a0\u00bbon|phone\u00a0\u00bb header_2_font_size_tablet=\u00a0\u00bb\u00a0\u00bb header_2_font_size_phone=\u00a0\u00bb22px\u00a0\u00bb header_2_font_size_last_edited=\u00a0\u00bbon|phone\u00a0\u00bb global_colors_info=\u00a0\u00bb{}\u00a0\u00bb]<\/p>\n<h2><strong>Success<\/strong> Stories<\/h2>\n<p>&nbsp;<\/p>\n<h3 style=\"color: #000000; font-size: 28px; font-weight: 300 !important;\">Comment nous transformons les d\u00e9fis en victoires.<\/h3>\n<p>[\/et_pb_text][et_pb_text _builder_version=\u00a0\u00bb4.27.0&Prime; _module_preset=\u00a0\u00bbdefault\u00a0\u00bb custom_margin=\u00a0\u00bb||1px|||\u00a0\u00bb custom_padding=\u00a0\u00bb|0px|7px|0px||true\u00a0\u00bb inline_fonts=\u00a0\u00bbABeeZee\u00a0\u00bb global_colors_info=\u00a0\u00bb{}\u00a0\u00bb]<\/p>\n<p style=\"text-align: left;\"><span style=\"font-family: inherit; font-weight: normal; font-size: medium; color: #000000;\">Les \u00e9tudes de cas que vous trouverez ici illustrent la mani\u00e8re dont nous transformons les d\u00e9fis en opportunit\u00e9s.<\/span><\/p>\n<p style=\"text-align: left;\"><span style=\"font-family: inherit; font-weight: normal; font-size: medium; color: #000000;\">Nous mettons en avant des exemples concrets o\u00f9 nos solutions ont jou\u00e9 un r\u00f4le cl\u00e9 dans la r\u00e9ussite de projets vari\u00e9s, d\u00e9montrant ainsi notre capacit\u00e9 \u00e0 relever des d\u00e9fis complexes et \u00e0 g\u00e9n\u00e9rer des r\u00e9sultats tangibles.<\/span><\/p>\n<p style=\"text-align: left;\"><span style=\"font-family: inherit; font-weight: normal; font-size: medium; color: #000000;\">\u00c0 travers une s\u00e9lection d&rsquo;\u00e9tudes de cas d\u00e9taill\u00e9es, nous vous invitons \u00e0 explorer comment nos strat\u00e9gies et approches ont permis \u00e0 nos clients de surmonter des obstacles, d&rsquo;optimiser leurs op\u00e9rations et d\u2019atteindre leurs objectifs ambitieux. Chaque \u00e9tude de cas pr\u00e9sente une histoire unique, mettant en avant les strat\u00e9gies adopt\u00e9es, les r\u00e9sultats obtenus et les le\u00e7ons apprises.<\/span><\/p>\n<p style=\"text-align: left;\"><span style=\"font-family: inherit; font-weight: normal; font-size: medium; color: #000000;\">Que vous soyez un professionnel \u00e0 la recherche d&rsquo;inspiration ou un partenaire potentiel curieux de voir comment nous pouvons collaborer pour cr\u00e9er de la valeur, cette page vous offrira un aper\u00e7u pr\u00e9cieux de notre expertise et de notre engagement envers l&rsquo;excellence.<\/span><\/p>\n<p style=\"text-align: left;\"><span style=\"font-family: inherit; font-weight: normal; font-size: medium; color: #000000;\">D\u00e9couvrez comment nous transformons les d\u00e9fis en succ\u00e8s et comment TEEPTRAK peut contribuer \u00e0 \u00e9crire votre propre histoire de r\u00e9ussite.<\/span><\/p>\n<p>[\/et_pb_text][\/et_pb_column][\/et_pb_row][\/et_pb_section][et_pb_section fb_built=\u00a0\u00bb1&Prime; _builder_version=\u00a0\u00bb4.27.3&Prime; _module_preset=\u00a0\u00bbdefault\u00a0\u00bb custom_margin=\u00a0\u00bb||24px|||\u00a0\u00bb custom_padding=\u00a0\u00bb0px||0px|||\u00a0\u00bb global_colors_info=\u00a0\u00bb{}\u00a0\u00bb][et_pb_row module_class=\u00a0\u00bbrow-exhero\u00a0\u00bb _builder_version=\u00a0\u00bb4.27.4&Prime; _module_preset=\u00a0\u00bbdefault\u00a0\u00bb custom_margin=\u00a0\u00bb50px|auto||auto||\u00a0\u00bb global_colors_info=\u00a0\u00bb{}\u00a0\u00bb][et_pb_column type=\u00a0\u00bb4_4&Prime; _builder_version=\u00a0\u00bb4.21.0&Prime; _module_preset=\u00a0\u00bbdefault\u00a0\u00bb global_colors_info=\u00a0\u00bb{}\u00a0\u00bb][et_pb_text _builder_version=\u00a0\u00bb4.27.4&Prime; _module_preset=\u00a0\u00bbdefault\u00a0\u00bb text_font=\u00a0\u00bb||||||||\u00a0\u00bb header_font=\u00a0\u00bb|300|||||||\u00a0\u00bb header_font_size=\u00a0\u00bb38px\u00a0\u00bb header_2_font=\u00a0\u00bb|600|||||||\u00a0\u00bb header_2_font_size=\u00a0\u00bb32px\u00a0\u00bb module_alignment=\u00a0\u00bbleft\u00a0\u00bb custom_margin=\u00a0\u00bb1px||0px||false|false\u00a0\u00bb global_colors_info=\u00a0\u00bb{}\u00a0\u00bb]<\/p>\n<p style=\"color: #000000; font-size: 38px; font-weight: 300; line-height: 50px; text-align: left;\">Retrouvez<\/p>\n<h1 style=\"text-align: left;\"><strong>toutes nos \u00e9tudes de cas<\/strong><\/h1>\n<p>[\/et_pb_text][et_pb_divider show_divider=\u00a0\u00bboff\u00a0\u00bb _builder_version=\u00a0\u00bb4.27.4&Prime; _module_preset=\u00a0\u00bbdefault\u00a0\u00bb background_image=\u00a0\u00bbhttps:\/\/teeptrak.com\/wp-content\/uploads\/2024\/12\/trait-teeptrak-clear.svg\u00a0\u00bb width=\u00a0\u00bb65%\u00a0\u00bb module_alignment=\u00a0\u00bbleft\u00a0\u00bb min_height=\u00a0\u00bb7.4px\u00a0\u00bb height=\u00a0\u00bb1px\u00a0\u00bb max_height=\u00a0\u00bb100px\u00a0\u00bb custom_margin=\u00a0\u00bb|-32px|10px|0px|false|false\u00a0\u00bb custom_padding=\u00a0\u00bb0px|0px|0px|0px|false|false\u00a0\u00bb global_colors_info=\u00a0\u00bb{}\u00a0\u00bb][\/et_pb_divider][\/et_pb_column][\/et_pb_row][et_pb_row admin_label=\u00a0\u00bbLigne\u00a0\u00bb _builder_version=\u00a0\u00bb4.27.3&Prime; _module_preset=\u00a0\u00bbdefault\u00a0\u00bb global_colors_info=\u00a0\u00bb{}\u00a0\u00bb][et_pb_column type=\u00a0\u00bb4_4&Prime; _builder_version=\u00a0\u00bb4.27.3&Prime; _module_preset=\u00a0\u00bbdefault\u00a0\u00bb global_colors_info=\u00a0\u00bb{}\u00a0\u00bb][et_pb_text _builder_version=\u00a0\u00bb4.27.4&Prime; _module_preset=\u00a0\u00bbdefault\u00a0\u00bb width=\u00a0\u00bb54.7%\u00a0\u00bb module_alignment=\u00a0\u00bbcenter\u00a0\u00bb custom_padding=\u00a0\u00bb|0px||0px||true\u00a0\u00bb global_colors_info=\u00a0\u00bb{}\u00a0\u00bb]<\/p>\n<p style=\"text-align: center;\"><span style=\"color: #262626;\">D\u00e9couvrez comment TEEPTRAK a aid\u00e9 plusieurs leaders de diff\u00e9rents secteur \u00e0 optimiser leurs processus de production et \u00e0 am\u00e9liorer leur efficacit\u00e9 op\u00e9rationnelle.<\/span><\/p>\n<p style=\"text-align: center;\"><span style=\"color: #262626;\">Entrez votre adresse e-mail pour recevoir notre \u00e9tude de cas d\u00e9taill\u00e9e et plonger dans les solutions innovantes que nous avons mises en place pour transformer les d\u00e9fis en succ\u00e8s.<\/span><\/p>\n<p>[\/et_pb_text][et_pb_code _builder_version=\u00a0\u00bb4.27.5&Prime; _module_preset=\u00a0\u00bbdefault\u00a0\u00bb hover_enabled=\u00a0\u00bb0&Prime; sticky_enabled=\u00a0\u00bb0&Prime;]    <div class=\"teeptrak-form-container \">\n        <h3 class=\"teeptrak-form-title\">Telecharger l&#039;etude de cas<\/h3>                \n        <form id=\"teeptrak-69d3e13abf668\" class=\"teeptrak-form\" data-form-type=\"case_study\">\n            <div style=\"position:absolute;left:-9999px;\"><input type=\"text\" name=\"website_url\" value=\"\" tabindex=\"-1\"><input type=\"text\" name=\"fax_number\" value=\"\" tabindex=\"-1\"><\/div>            \n            <div class=\"teeptrak-form-row\">                <div class=\"teeptrak-form-field\">\n                    <label>Etude de cas <span class=\"required\">*<\/span><\/label>                    \n                                            <select name=\"case_study\" required>\n                                                            <option value=\"\">Selectionnez une etude de cas<\/option>\n                                                            <option value=\"Perftrak\">Perftrak<\/option>\n                                                            <option value=\"Etude de cas Secteur Materiaux\">Etude de cas Secteur Materiaux<\/option>\n                                                            <option value=\"Etude de cas Secteur Electronique\">Etude de cas Secteur Electronique<\/option>\n                                                            <option value=\"Etude de cas Secteur Automobile\">Etude de cas Secteur Automobile<\/option>\n                                                            <option value=\"Etude de cas Secteur Agroalimentaire\">Etude de cas Secteur Agroalimentaire<\/option>\n                                                    <\/select>\n                                    <\/div>\n            <\/div><div class=\"teeptrak-form-row teeptrak-form-row-half\">                <div class=\"teeptrak-form-field\">\n                    <label>Prenom <span class=\"required\">*<\/span><\/label>                    \n                                            <input type=\"text\" name=\"first_name\" required placeholder=\"\">\n                                    <\/div>\n                            <div class=\"teeptrak-form-field\">\n                    <label>Nom<\/label>                    \n                                            <input type=\"text\" name=\"last_name\"  placeholder=\"\">\n                                    <\/div>\n            <\/div><div class=\"teeptrak-form-row\">                <div class=\"teeptrak-form-field\">\n                    <label>Email <span class=\"required\">*<\/span><\/label>                    \n                                            <input type=\"email\" name=\"email\" required placeholder=\"\">\n                                    <\/div>\n            <\/div><div class=\"teeptrak-form-row\">                <div class=\"teeptrak-form-field\">\n                    <label>Entreprise<\/label>                    \n                                            <input type=\"text\" name=\"company\"  placeholder=\"\">\n                                    <\/div>\n            <\/div>            \n            <input type=\"hidden\" name=\"page_url\" value=\"https:\/\/teeptrak.com\/fr\/etudes-de-cas\/\">\n            <input type=\"hidden\" name=\"recaptcha_token\" value=\"\" class=\"teeptrak-recaptcha-token\">\n            \n                        \n            <div class=\"teeptrak-form-row\">\n                <button type=\"submit\" class=\"teeptrak-submit teeptrak-submit-full\">\n                    <span class=\"teeptrak-submit-text\">Recevoir<\/span>\n                    <span class=\"teeptrak-submit-loading\" style=\"display:none;\">Envoi...<\/span>\n                <\/button>\n            <\/div>\n            \n            <div class=\"teeptrak-form-message\" style=\"display:none;\"><\/div>\n        <\/form>\n    <\/div>\n    [\/et_pb_code][\/et_pb_column][\/et_pb_row][et_pb_row _builder_version=\u00a0\u00bb4.27.3&Prime; _module_preset=\u00a0\u00bbdefault\u00a0\u00bb global_colors_info=\u00a0\u00bb{}\u00a0\u00bb][et_pb_column type=\u00a0\u00bb4_4&Prime; _builder_version=\u00a0\u00bb4.27.3&Prime; _module_preset=\u00a0\u00bbdefault\u00a0\u00bb global_colors_info=\u00a0\u00bb{}\u00a0\u00bb][et_pb_image src=\u00a0\u00bbhttps:\/\/teeptrak.com\/wp-content\/uploads\/2024\/11\/Etude-de-cas_-FR_V1.jpg\u00a0\u00bb alt=\u00a0\u00bbEtudes de cas\u00a0\u00bb align=\u00a0\u00bbcenter\u00a0\u00bb _builder_version=\u00a0\u00bb4.27.4&Prime; _module_preset=\u00a0\u00bbdefault\u00a0\u00bb global_colors_info=\u00a0\u00bb{}\u00a0\u00bb][\/et_pb_image][\/et_pb_column][\/et_pb_row][\/et_pb_section]<\/p>\n","protected":false},"excerpt":{"rendered":"<p>Explorez nos \u00e9tudes de cas dans l\u2019industrie. D\u00e9couvrez comment TeepTrak am\u00e9liore l\u2019OEE et la performance gr\u00e2ce \u00e0 des projets concrets Industrie 4.0.<\/p>\n","protected":false},"author":7,"featured_media":0,"parent":0,"menu_order":0,"comment_status":"closed","ping_status":"closed","template":"","meta":{"_et_pb_use_builder":"on","_et_pb_old_content":"","_et_gb_content_width":"","footnotes":""},"class_list":["post-25734","page","type-page","status-publish","hentry"],"yoast_head":"<!-- This site is optimized with the Yoast SEO plugin v27.3 - https:\/\/yoast.com\/product\/yoast-seo-wordpress\/ -->\n<title>\u00c9tudes de Cas - TEEPTRAK - Connect to your industrial potential<\/title>\n<meta name=\"description\" content=\"Inspirez-vous des t\u00e9moignages de r\u00e9ussite industrielle avec TEEPTRAK. D\u00e9couvrez des cas d&#039;innovation qui ont transform\u00e9 des entreprises.\" \/>\n<meta name=\"robots\" content=\"index, follow, max-snippet:-1, max-image-preview:large, max-video-preview:-1\" \/>\n<link rel=\"canonical\" href=\"https:\/\/teeptrak.com\/fr\/etudes-de-cas\/\" \/>\n<meta property=\"og:locale\" content=\"fr_FR\" \/>\n<meta property=\"og:type\" content=\"article\" \/>\n<meta property=\"og:title\" content=\"\u00c9tudes de Cas - TEEPTRAK - Connect to your industrial potential\" \/>\n<meta property=\"og:description\" content=\"Inspirez-vous des t\u00e9moignages de r\u00e9ussite industrielle avec TEEPTRAK. D\u00e9couvrez des cas d&#039;innovation qui ont transform\u00e9 des entreprises.\" \/>\n<meta property=\"og:url\" content=\"https:\/\/teeptrak.com\/fr\/etudes-de-cas\/\" \/>\n<meta property=\"og:site_name\" content=\"TEEPTRAK - Connect to your industrial potential\" \/>\n<meta property=\"article:modified_time\" content=\"2026-01-27T16:34:38+00:00\" \/>\n<meta name=\"twitter:card\" content=\"summary_large_image\" \/>\n<meta name=\"twitter:label1\" content=\"Dur\u00e9e de lecture estim\u00e9e\" \/>\n\t<meta name=\"twitter:data1\" content=\"2 minutes\" \/>\n<script type=\"application\/ld+json\" class=\"yoast-schema-graph\">{\"@context\":\"https:\\\/\\\/schema.org\",\"@graph\":[{\"@type\":\"WebPage\",\"@id\":\"https:\\\/\\\/teeptrak.com\\\/fr\\\/etudes-de-cas\\\/\",\"url\":\"https:\\\/\\\/teeptrak.com\\\/fr\\\/etudes-de-cas\\\/\",\"name\":\"\u00c9tudes de Cas - TEEPTRAK - Connect to your industrial potential\",\"isPartOf\":{\"@id\":\"https:\\\/\\\/teeptrak.com\\\/fr\\\/#website\"},\"datePublished\":\"2024-05-14T08:48:06+00:00\",\"dateModified\":\"2026-01-27T16:34:38+00:00\",\"description\":\"Inspirez-vous des t\u00e9moignages de r\u00e9ussite industrielle avec TEEPTRAK. D\u00e9couvrez des cas d'innovation qui ont transform\u00e9 des entreprises.\",\"breadcrumb\":{\"@id\":\"https:\\\/\\\/teeptrak.com\\\/fr\\\/etudes-de-cas\\\/#breadcrumb\"},\"inLanguage\":\"fr-FR\",\"potentialAction\":[{\"@type\":\"ReadAction\",\"target\":[\"https:\\\/\\\/teeptrak.com\\\/fr\\\/etudes-de-cas\\\/\"]}]},{\"@type\":\"BreadcrumbList\",\"@id\":\"https:\\\/\\\/teeptrak.com\\\/fr\\\/etudes-de-cas\\\/#breadcrumb\",\"itemListElement\":[{\"@type\":\"ListItem\",\"position\":1,\"name\":\"Accueil\",\"item\":\"https:\\\/\\\/teeptrak.com\\\/fr\\\/\"},{\"@type\":\"ListItem\",\"position\":2,\"name\":\"\u00c9tudes de Cas\"}]},{\"@type\":\"WebSite\",\"@id\":\"https:\\\/\\\/teeptrak.com\\\/fr\\\/#website\",\"url\":\"https:\\\/\\\/teeptrak.com\\\/fr\\\/\",\"name\":\"TEEPTRAK\",\"description\":\"Optimisez votre potentiel industriel\",\"publisher\":{\"@id\":\"https:\\\/\\\/teeptrak.com\\\/fr\\\/#organization\"},\"potentialAction\":[{\"@type\":\"SearchAction\",\"target\":{\"@type\":\"EntryPoint\",\"urlTemplate\":\"https:\\\/\\\/teeptrak.com\\\/fr\\\/?s={search_term_string}\"},\"query-input\":{\"@type\":\"PropertyValueSpecification\",\"valueRequired\":true,\"valueName\":\"search_term_string\"}}],\"inLanguage\":\"fr-FR\"},{\"@type\":\"Organization\",\"@id\":\"https:\\\/\\\/teeptrak.com\\\/fr\\\/#organization\",\"name\":\"TEEPTRAK\",\"url\":\"https:\\\/\\\/teeptrak.com\\\/fr\\\/\",\"logo\":{\"@type\":\"ImageObject\",\"inLanguage\":\"fr-FR\",\"@id\":\"https:\\\/\\\/teeptrak.com\\\/fr\\\/#\\\/schema\\\/logo\\\/image\\\/\",\"url\":\"https:\\\/\\\/teeptrak.com\\\/wp-content\\\/uploads\\\/2023\\\/05\\\/cropped-Capture-decran-2023-05-04-112832.png\",\"contentUrl\":\"https:\\\/\\\/teeptrak.com\\\/wp-content\\\/uploads\\\/2023\\\/05\\\/cropped-Capture-decran-2023-05-04-112832.png\",\"width\":512,\"height\":512,\"caption\":\"TEEPTRAK\"},\"image\":{\"@id\":\"https:\\\/\\\/teeptrak.com\\\/fr\\\/#\\\/schema\\\/logo\\\/image\\\/\"},\"sameAs\":[\"https:\\\/\\\/www.linkedin.com\\\/company\\\/teeptrak\\\/\",\"https:\\\/\\\/www.linkedin.com\\\/company\\\/teeptrakinternational\\\/\"]}]}<\/script>\n<!-- \/ Yoast SEO plugin. -->","yoast_head_json":{"title":"\u00c9tudes de Cas - TEEPTRAK - Connect to your industrial potential","description":"Inspirez-vous des t\u00e9moignages de r\u00e9ussite industrielle avec TEEPTRAK. D\u00e9couvrez des cas d'innovation qui ont transform\u00e9 des entreprises.","robots":{"index":"index","follow":"follow","max-snippet":"max-snippet:-1","max-image-preview":"max-image-preview:large","max-video-preview":"max-video-preview:-1"},"canonical":"https:\/\/teeptrak.com\/fr\/etudes-de-cas\/","og_locale":"fr_FR","og_type":"article","og_title":"\u00c9tudes de Cas - TEEPTRAK - Connect to your industrial potential","og_description":"Inspirez-vous des t\u00e9moignages de r\u00e9ussite industrielle avec TEEPTRAK. D\u00e9couvrez des cas d'innovation qui ont transform\u00e9 des entreprises.","og_url":"https:\/\/teeptrak.com\/fr\/etudes-de-cas\/","og_site_name":"TEEPTRAK - Connect to your industrial potential","article_modified_time":"2026-01-27T16:34:38+00:00","twitter_card":"summary_large_image","twitter_misc":{"Dur\u00e9e de lecture estim\u00e9e":"2 minutes"},"schema":{"@context":"https:\/\/schema.org","@graph":[{"@type":"WebPage","@id":"https:\/\/teeptrak.com\/fr\/etudes-de-cas\/","url":"https:\/\/teeptrak.com\/fr\/etudes-de-cas\/","name":"\u00c9tudes de Cas - TEEPTRAK - Connect to your industrial potential","isPartOf":{"@id":"https:\/\/teeptrak.com\/fr\/#website"},"datePublished":"2024-05-14T08:48:06+00:00","dateModified":"2026-01-27T16:34:38+00:00","description":"Inspirez-vous des t\u00e9moignages de r\u00e9ussite industrielle avec TEEPTRAK. D\u00e9couvrez des cas d'innovation qui ont transform\u00e9 des entreprises.","breadcrumb":{"@id":"https:\/\/teeptrak.com\/fr\/etudes-de-cas\/#breadcrumb"},"inLanguage":"fr-FR","potentialAction":[{"@type":"ReadAction","target":["https:\/\/teeptrak.com\/fr\/etudes-de-cas\/"]}]},{"@type":"BreadcrumbList","@id":"https:\/\/teeptrak.com\/fr\/etudes-de-cas\/#breadcrumb","itemListElement":[{"@type":"ListItem","position":1,"name":"Accueil","item":"https:\/\/teeptrak.com\/fr\/"},{"@type":"ListItem","position":2,"name":"\u00c9tudes de Cas"}]},{"@type":"WebSite","@id":"https:\/\/teeptrak.com\/fr\/#website","url":"https:\/\/teeptrak.com\/fr\/","name":"TEEPTRAK","description":"Optimisez votre potentiel industriel","publisher":{"@id":"https:\/\/teeptrak.com\/fr\/#organization"},"potentialAction":[{"@type":"SearchAction","target":{"@type":"EntryPoint","urlTemplate":"https:\/\/teeptrak.com\/fr\/?s={search_term_string}"},"query-input":{"@type":"PropertyValueSpecification","valueRequired":true,"valueName":"search_term_string"}}],"inLanguage":"fr-FR"},{"@type":"Organization","@id":"https:\/\/teeptrak.com\/fr\/#organization","name":"TEEPTRAK","url":"https:\/\/teeptrak.com\/fr\/","logo":{"@type":"ImageObject","inLanguage":"fr-FR","@id":"https:\/\/teeptrak.com\/fr\/#\/schema\/logo\/image\/","url":"https:\/\/teeptrak.com\/wp-content\/uploads\/2023\/05\/cropped-Capture-decran-2023-05-04-112832.png","contentUrl":"https:\/\/teeptrak.com\/wp-content\/uploads\/2023\/05\/cropped-Capture-decran-2023-05-04-112832.png","width":512,"height":512,"caption":"TEEPTRAK"},"image":{"@id":"https:\/\/teeptrak.com\/fr\/#\/schema\/logo\/image\/"},"sameAs":["https:\/\/www.linkedin.com\/company\/teeptrak\/","https:\/\/www.linkedin.com\/company\/teeptrakinternational\/"]}]}},"_links":{"self":[{"href":"https:\/\/teeptrak.com\/fr\/wp-json\/wp\/v2\/pages\/25734","targetHints":{"allow":["GET"]}}],"collection":[{"href":"https:\/\/teeptrak.com\/fr\/wp-json\/wp\/v2\/pages"}],"about":[{"href":"https:\/\/teeptrak.com\/fr\/wp-json\/wp\/v2\/types\/page"}],"author":[{"embeddable":true,"href":"https:\/\/teeptrak.com\/fr\/wp-json\/wp\/v2\/users\/7"}],"replies":[{"embeddable":true,"href":"https:\/\/teeptrak.com\/fr\/wp-json\/wp\/v2\/comments?post=25734"}],"version-history":[{"count":52,"href":"https:\/\/teeptrak.com\/fr\/wp-json\/wp\/v2\/pages\/25734\/revisions"}],"predecessor-version":[{"id":73680,"href":"https:\/\/teeptrak.com\/fr\/wp-json\/wp\/v2\/pages\/25734\/revisions\/73680"}],"wp:attachment":[{"href":"https:\/\/teeptrak.com\/fr\/wp-json\/wp\/v2\/media?parent=25734"}],"curies":[{"name":"wp","href":"https:\/\/api.w.org\/{rel}","templated":true}]}}