{"id":32724,"date":"2024-07-03T12:04:31","date_gmt":"2024-07-03T12:04:31","guid":{"rendered":"https:\/\/new.teeptrak.com\/boletin\/"},"modified":"2026-01-15T13:53:44","modified_gmt":"2026-01-15T13:53:44","slug":"boletin-teeptrak","status":"publish","type":"page","link":"https:\/\/teeptrak.com\/es\/boletin-teeptrak\/","title":{"rendered":"Bolet\u00edn"},"content":{"rendered":"","protected":false},"excerpt":{"rendered":"","protected":false},"author":1,"featured_media":0,"parent":0,"menu_order":0,"comment_status":"closed","ping_status":"closed","template":"","meta":{"_et_pb_use_builder":"on","_et_pb_old_content":"","_et_gb_content_width":"","footnotes":""},"class_list":["post-32724","page","type-page","status-publish","hentry"],"yoast_head":"<!-- This site is optimized with the Yoast SEO plugin v27.5 - https:\/\/yoast.com\/product\/yoast-seo-wordpress\/ -->\n<title>Bolet\u00edn - TEEPTRAK<\/title>\n<meta name=\"description\" content=\"Bolet\u00edn TEEPTRAK: suscr\u00edbete y recibe las \u00faltimas novedades sobre OEE, rendimiento industrial y tendencias del sector.\" \/>\n<meta name=\"robots\" content=\"index, follow, max-snippet:-1, max-image-preview:large, max-video-preview:-1\" \/>\n<link rel=\"canonical\" href=\"https:\/\/teeptrak.com\/es\/boletin-teeptrak\/\" \/>\n<meta property=\"og:locale\" content=\"es_ES\" \/>\n<meta property=\"og:type\" content=\"article\" \/>\n<meta property=\"og:title\" content=\"Bolet\u00edn - TEEPTRAK\" \/>\n<meta property=\"og:description\" content=\"Bolet\u00edn TEEPTRAK: suscr\u00edbete y recibe las \u00faltimas novedades sobre OEE, rendimiento industrial y tendencias del sector.\" \/>\n<meta property=\"og:url\" content=\"https:\/\/teeptrak.com\/es\/boletin-teeptrak\/\" \/>\n<meta property=\"og:site_name\" content=\"TEEPTRAK\" \/>\n<meta property=\"article:modified_time\" content=\"2026-01-15T13:53:44+00:00\" \/>\n<meta name=\"twitter:card\" content=\"summary_large_image\" \/>\n<script type=\"application\/ld+json\" class=\"yoast-schema-graph\">{\"@context\":\"https:\\\/\\\/schema.org\",\"@graph\":[{\"@type\":\"WebPage\",\"@id\":\"https:\\\/\\\/teeptrak.com\\\/es\\\/boletin-teeptrak\\\/\",\"url\":\"https:\\\/\\\/teeptrak.com\\\/es\\\/boletin-teeptrak\\\/\",\"name\":\"Bolet\u00edn - TEEPTRAK\",\"isPartOf\":{\"@id\":\"https:\\\/\\\/teeptrak.com\\\/es\\\/#website\"},\"datePublished\":\"2024-07-03T12:04:31+00:00\",\"dateModified\":\"2026-01-15T13:53:44+00:00\",\"description\":\"Bolet\u00edn TEEPTRAK: suscr\u00edbete y recibe las \u00faltimas novedades sobre OEE, rendimiento industrial y tendencias del sector.\",\"breadcrumb\":{\"@id\":\"https:\\\/\\\/teeptrak.com\\\/es\\\/boletin-teeptrak\\\/#breadcrumb\"},\"inLanguage\":\"es\",\"potentialAction\":[{\"@type\":\"ReadAction\",\"target\":[\"https:\\\/\\\/teeptrak.com\\\/es\\\/boletin-teeptrak\\\/\"]}]},{\"@type\":\"BreadcrumbList\",\"@id\":\"https:\\\/\\\/teeptrak.com\\\/es\\\/boletin-teeptrak\\\/#breadcrumb\",\"itemListElement\":[{\"@type\":\"ListItem\",\"position\":1,\"name\":\"Accueil\",\"item\":\"https:\\\/\\\/teeptrak.com\\\/es\\\/\"},{\"@type\":\"ListItem\",\"position\":2,\"name\":\"Bolet\u00edn\"}]},{\"@type\":\"WebSite\",\"@id\":\"https:\\\/\\\/teeptrak.com\\\/es\\\/#website\",\"url\":\"https:\\\/\\\/teeptrak.com\\\/es\\\/\",\"name\":\"TEEPTRAK\",\"description\":\"Optimisez votre potentiel industriel\",\"publisher\":{\"@id\":\"https:\\\/\\\/teeptrak.com\\\/es\\\/#organization\"},\"potentialAction\":[{\"@type\":\"SearchAction\",\"target\":{\"@type\":\"EntryPoint\",\"urlTemplate\":\"https:\\\/\\\/teeptrak.com\\\/es\\\/?s={search_term_string}\"},\"query-input\":{\"@type\":\"PropertyValueSpecification\",\"valueRequired\":true,\"valueName\":\"search_term_string\"}}],\"inLanguage\":\"es\"},{\"@type\":\"Organization\",\"@id\":\"https:\\\/\\\/teeptrak.com\\\/es\\\/#organization\",\"name\":\"TEEPTRAK\",\"url\":\"https:\\\/\\\/teeptrak.com\\\/es\\\/\",\"logo\":{\"@type\":\"ImageObject\",\"inLanguage\":\"es\",\"@id\":\"https:\\\/\\\/teeptrak.com\\\/es\\\/#\\\/schema\\\/logo\\\/image\\\/\",\"url\":\"https:\\\/\\\/teeptrak.com\\\/wp-content\\\/uploads\\\/2023\\\/05\\\/cropped-Capture-decran-2023-05-04-112832.png\",\"contentUrl\":\"https:\\\/\\\/teeptrak.com\\\/wp-content\\\/uploads\\\/2023\\\/05\\\/cropped-Capture-decran-2023-05-04-112832.png\",\"width\":512,\"height\":512,\"caption\":\"TEEPTRAK\"},\"image\":{\"@id\":\"https:\\\/\\\/teeptrak.com\\\/es\\\/#\\\/schema\\\/logo\\\/image\\\/\"},\"sameAs\":[\"https:\\\/\\\/www.linkedin.com\\\/company\\\/teeptrak\\\/\",\"https:\\\/\\\/www.linkedin.com\\\/company\\\/teeptrakinternational\\\/\"]}]}<\/script>\n<!-- \/ Yoast SEO plugin. -->","yoast_head_json":{"title":"Bolet\u00edn - TEEPTRAK","description":"Bolet\u00edn TEEPTRAK: suscr\u00edbete y recibe las \u00faltimas novedades sobre OEE, rendimiento industrial y tendencias del sector.","robots":{"index":"index","follow":"follow","max-snippet":"max-snippet:-1","max-image-preview":"max-image-preview:large","max-video-preview":"max-video-preview:-1"},"canonical":"https:\/\/teeptrak.com\/es\/boletin-teeptrak\/","og_locale":"es_ES","og_type":"article","og_title":"Bolet\u00edn - TEEPTRAK","og_description":"Bolet\u00edn TEEPTRAK: suscr\u00edbete y recibe las \u00faltimas novedades sobre OEE, rendimiento industrial y tendencias del sector.","og_url":"https:\/\/teeptrak.com\/es\/boletin-teeptrak\/","og_site_name":"TEEPTRAK","article_modified_time":"2026-01-15T13:53:44+00:00","twitter_card":"summary_large_image","schema":{"@context":"https:\/\/schema.org","@graph":[{"@type":"WebPage","@id":"https:\/\/teeptrak.com\/es\/boletin-teeptrak\/","url":"https:\/\/teeptrak.com\/es\/boletin-teeptrak\/","name":"Bolet\u00edn - TEEPTRAK","isPartOf":{"@id":"https:\/\/teeptrak.com\/es\/#website"},"datePublished":"2024-07-03T12:04:31+00:00","dateModified":"2026-01-15T13:53:44+00:00","description":"Bolet\u00edn TEEPTRAK: suscr\u00edbete y recibe las \u00faltimas novedades sobre OEE, rendimiento industrial y tendencias del sector.","breadcrumb":{"@id":"https:\/\/teeptrak.com\/es\/boletin-teeptrak\/#breadcrumb"},"inLanguage":"es","potentialAction":[{"@type":"ReadAction","target":["https:\/\/teeptrak.com\/es\/boletin-teeptrak\/"]}]},{"@type":"BreadcrumbList","@id":"https:\/\/teeptrak.com\/es\/boletin-teeptrak\/#breadcrumb","itemListElement":[{"@type":"ListItem","position":1,"name":"Accueil","item":"https:\/\/teeptrak.com\/es\/"},{"@type":"ListItem","position":2,"name":"Bolet\u00edn"}]},{"@type":"WebSite","@id":"https:\/\/teeptrak.com\/es\/#website","url":"https:\/\/teeptrak.com\/es\/","name":"TEEPTRAK","description":"Optimisez votre potentiel industriel","publisher":{"@id":"https:\/\/teeptrak.com\/es\/#organization"},"potentialAction":[{"@type":"SearchAction","target":{"@type":"EntryPoint","urlTemplate":"https:\/\/teeptrak.com\/es\/?s={search_term_string}"},"query-input":{"@type":"PropertyValueSpecification","valueRequired":true,"valueName":"search_term_string"}}],"inLanguage":"es"},{"@type":"Organization","@id":"https:\/\/teeptrak.com\/es\/#organization","name":"TEEPTRAK","url":"https:\/\/teeptrak.com\/es\/","logo":{"@type":"ImageObject","inLanguage":"es","@id":"https:\/\/teeptrak.com\/es\/#\/schema\/logo\/image\/","url":"https:\/\/teeptrak.com\/wp-content\/uploads\/2023\/05\/cropped-Capture-decran-2023-05-04-112832.png","contentUrl":"https:\/\/teeptrak.com\/wp-content\/uploads\/2023\/05\/cropped-Capture-decran-2023-05-04-112832.png","width":512,"height":512,"caption":"TEEPTRAK"},"image":{"@id":"https:\/\/teeptrak.com\/es\/#\/schema\/logo\/image\/"},"sameAs":["https:\/\/www.linkedin.com\/company\/teeptrak\/","https:\/\/www.linkedin.com\/company\/teeptrakinternational\/"]}]}},"_links":{"self":[{"href":"https:\/\/teeptrak.com\/es\/wp-json\/wp\/v2\/pages\/32724","targetHints":{"allow":["GET"]}}],"collection":[{"href":"https:\/\/teeptrak.com\/es\/wp-json\/wp\/v2\/pages"}],"about":[{"href":"https:\/\/teeptrak.com\/es\/wp-json\/wp\/v2\/types\/page"}],"author":[{"embeddable":true,"href":"https:\/\/teeptrak.com\/es\/wp-json\/wp\/v2\/users\/1"}],"replies":[{"embeddable":true,"href":"https:\/\/teeptrak.com\/es\/wp-json\/wp\/v2\/comments?post=32724"}],"version-history":[{"count":2,"href":"https:\/\/teeptrak.com\/es\/wp-json\/wp\/v2\/pages\/32724\/revisions"}],"predecessor-version":[{"id":73214,"href":"https:\/\/teeptrak.com\/es\/wp-json\/wp\/v2\/pages\/32724\/revisions\/73214"}],"wp:attachment":[{"href":"https:\/\/teeptrak.com\/es\/wp-json\/wp\/v2\/media?parent=32724"}],"curies":[{"name":"wp","href":"https:\/\/api.w.org\/{rel}","templated":true}]}}