{"id":32702,"date":"2024-05-14T08:48:06","date_gmt":"2024-05-14T08:48:06","guid":{"rendered":"https:\/\/new.teeptrak.com\/casos-practicos\/"},"modified":"2026-02-10T00:58:03","modified_gmt":"2026-02-10T00:58:03","slug":"casos-practicos-industriales","status":"publish","type":"page","link":"https:\/\/teeptrak.com\/es\/casos-practicos-industriales\/","title":{"rendered":"Casos pr\u00e1cticos"},"content":{"rendered":"<p>[et_pb_section fb_built=\u00bb1&#8243; module_class=\u00bbsection-overlay-bottom\u00bb _builder_version=\u00bb4.27.2&#8243; _module_preset=\u00bbdefault\u00bb background_image=\u00bbhttps:\/\/teeptrak.com\/wp-content\/uploads\/2024\/06\/fond-reseaux_Reseau_Blanc_reverse.png\u00bb min_height_tablet=\u00bb\u00bb min_height_phone=\u00bb\u00bb min_height_last_edited=\u00bbon|desktop\u00bb custom_margin=\u00bb||||false|false\u00bb custom_margin_tablet=\u00bb\u00bb custom_margin_phone=\u00bb||||false|false\u00bb custom_margin_last_edited=\u00bbon|phone\u00bb custom_padding=\u00bb||2px|||\u00bb global_colors_info=\u00bb{}\u00bb][et_pb_row module_class=\u00bbrow-exhero\u00bb _builder_version=\u00bb4.27.0&#8243; _module_preset=\u00bbdefault\u00bb global_colors_info=\u00bb{}\u00bb][et_pb_column type=\u00bb4_4&#8243; _builder_version=\u00bb4.21.0&#8243; _module_preset=\u00bbdefault\u00bb global_colors_info=\u00bb{}\u00bb][et_pb_text _builder_version=\u00bb4.27.2&#8243; _module_preset=\u00bbdefault\u00bb text_font=\u00bb||||||||\u00bb header_font=\u00bb|300|||||||\u00bb header_font_size=\u00bb38px\u00bb header_2_font=\u00bb|600|||||||\u00bb header_2_font_size=\u00bb32px\u00bb custom_margin=\u00bb||0px||false|false\u00bb global_colors_info=\u00bb{}\u00bb]<\/p>\n<p style=\"text-align: right;text-align: right; color: #000000; font-size: 38px; font-weight:300;line-height:50px;\">Casos pr\u00e1cticos<\/span><\/p>\n<h1 style=\"text-align: right;\"><strong>Testimonios de \u00e9xito e innovaci\u00f3n<\/strong><\/span><\/h1>\n<p>[\/et_pb_text][et_pb_divider show_divider=\u00bboff\u00bb _builder_version=\u00bb4.27.0&#8243; _module_preset=\u00bbdefault\u00bb background_image=\u00bbhttps:\/\/teeptrak.com\/wp-content\/uploads\/2024\/12\/trait-teeptrak-clear.svg\u00bb width=\u00bb65%\u00bb module_alignment=\u00bbright\u00bb min_height=\u00bb7.4px\u00bb height=\u00bb1px\u00bb max_height=\u00bb100px\u00bb custom_margin=\u00bb|-32px|10px|0px|false|false\u00bb custom_padding=\u00bb0px|0px|0px|0px|false|false\u00bb global_colors_info=\u00bb{}\u00bb][\/et_pb_divider][\/et_pb_column][\/et_pb_row][et_pb_row custom_padding_last_edited=\u00bbon|tablet\u00bb _builder_version=\u00bb4.21.0&#8243; _module_preset=\u00bbdefault\u00bb background_color=\u00bb#FFFFFF\u00bb width=\u00bb100%\u00bb width_tablet=\u00bb90%\u00bb width_phone=\u00bb90%\u00bb width_last_edited=\u00bbon|tablet\u00bb custom_margin=\u00bb45px||||false|false\u00bb custom_margin_tablet=\u00bb45px||||false|false\u00bb custom_margin_phone=\u00bb0px||||false|false\u00bb custom_margin_last_edited=\u00bbon|phone\u00bb custom_padding=\u00bb65px|92px|65px|92px|true|true\u00bb custom_padding_tablet=\u00bb40px|40px|40px|40px|true|true\u00bb custom_padding_phone=\u00bb20px|20px|20px|20px|true|true\u00bb border_radii=\u00bbon|25px|25px|25px|25px\u00bb box_shadow_style=\u00bbpreset1&#8243; global_colors_info=\u00bb{}\u00bb][et_pb_column type=\u00bb4_4&#8243; _builder_version=\u00bb4.21.0&#8243; _module_preset=\u00bbdefault\u00bb global_colors_info=\u00bb{}\u00bb][et_pb_text _builder_version=\u00bb4.27.2&#8243; _module_preset=\u00bbdefault\u00bb text_font=\u00bb|300|||||||\u00bb text_line_height=\u00bb1.8em\u00bb header_2_font=\u00bbRoboto|300|||||||\u00bb header_2_text_color=\u00bb#E02B20&#8243; header_2_font_size=\u00bb28px\u00bb header_2_line_height=\u00bb1.3em\u00bb custom_padding=\u00bb|||7px||\u00bb text_font_size_tablet=\u00bb\u00bb text_font_size_phone=\u00bb14px\u00bb text_font_size_last_edited=\u00bbon|phone\u00bb header_2_font_size_tablet=\u00bb\u00bb header_2_font_size_phone=\u00bb22px\u00bb header_2_font_size_last_edited=\u00bbon|phone\u00bb global_colors_info=\u00bb{}\u00bb]<\/p>\n<h2><strong>Historias<\/strong> de \u00e9xito<\/h2>\n<p>&nbsp;<\/p>\n<h3 style=\"color: #000000; font-size: 28px; font-weight: 300 !important;\">C\u00f3mo convertimos los retos en victorias.<\/h3>\n<p>[\/et_pb_text][et_pb_text _builder_version=\u00bb4.27.0&#8243; _module_preset=\u00bbdefault\u00bb custom_margin=\u00bb||1px|||\u00bb custom_padding=\u00bb|0px|7px|0px||true\u00bb inline_fonts=\u00bbABeeZee\u00bb global_colors_info=\u00bb{}\u00bb]<\/p>\n<p style=\"text-align: left;\"><span style=\"font-family: inherit; font-weight: normal; font-size: medium; color: #000000;\">Los casos pr\u00e1cticos que encontrar\u00e1s aqu\u00ed ilustran c\u00f3mo convertimos los retos en oportunidades.<\/span><\/p>\n<p style=\"text-align: left;\"><span style=\"font-family: inherit; font-weight: normal; font-size: medium; color: #000000;\">Destacamos ejemplos concretos en los que nuestras soluciones han desempe\u00f1ado un papel clave en el \u00e9xito de diversos proyectos, demostrando nuestra capacidad para afrontar retos complejos y generar resultados tangibles.<\/span><\/p>\n<p style=\"text-align: left;\"><span style=\"font-family: inherit; font-weight: normal; font-size: medium; color: #000000;\">Mediante una selecci\u00f3n de casos pr\u00e1cticos detallados, te invitamos a explorar c\u00f3mo nuestras estrategias y enfoques han permitido a nuestros clientes superar obst\u00e1culos, optimizar sus operaciones y alcanzar sus ambiciosos objetivos. Cada estudio de caso presenta una historia \u00fanica, destacando las estrategias adoptadas, los resultados conseguidos y las lecciones aprendidas. <\/span><\/p>\n<p style=\"text-align: left;\"><span style=\"font-family: inherit; font-weight: normal; font-size: medium; color: #000000;\">Tanto si eres un profesional en busca de inspiraci\u00f3n como un socio potencial con curiosidad por ver c\u00f3mo podemos trabajar juntos para crear valor, esta p\u00e1gina te dar\u00e1 una valiosa visi\u00f3n de nuestra experiencia y compromiso con la excelencia.<\/span><\/p>\n<p style=\"text-align: left;\"><span style=\"font-family: inherit; font-weight: normal; font-size: medium; color: #000000;\">Descubre c\u00f3mo convertimos los retos en \u00e9xitos y c\u00f3mo TeepTrak puede ayudarte a escribir tu propia historia de \u00e9xito.<\/span><\/p>\n<p>[\/et_pb_text][\/et_pb_column][\/et_pb_row][\/et_pb_section][et_pb_section fb_built=\u00bb1&#8243; _builder_version=\u00bb4.27.3&#8243; _module_preset=\u00bbdefault\u00bb custom_margin=\u00bb||24px|||\u00bb custom_padding=\u00bb0px||0px|||\u00bb global_colors_info=\u00bb{}\u00bb][et_pb_row module_class=\u00bbrow-exhero\u00bb _builder_version=\u00bb4.27.4&#8243; _module_preset=\u00bbdefault\u00bb custom_margin=\u00bb50px|auto||auto||\u00bb global_colors_info=\u00bb{}\u00bb][et_pb_column type=\u00bb4_4&#8243; _builder_version=\u00bb4.21.0&#8243; _module_preset=\u00bbdefault\u00bb global_colors_info=\u00bb{}\u00bb][et_pb_text _builder_version=\u00bb4.27.4&#8243; _module_preset=\u00bbdefault\u00bb text_font=\u00bb||||||||\u00bb header_font=\u00bb|300|||||||\u00bb header_font_size=\u00bb38px\u00bb header_2_font=\u00bb|600|||||||\u00bb header_2_font_size=\u00bb32px\u00bb module_alignment=\u00bbleft\u00bb custom_margin=\u00bb1px||0px||false|false\u00bb global_colors_info=\u00bb{}\u00bb]<\/p>\n<p style=\"color: #000000; font-size: 38px; font-weight: 300; line-height: 50px; text-align: left;\">Visita<\/p>\n<h1 style=\"text-align: left;\"><strong>todos nuestros casos pr\u00e1cticos<\/strong><\/h1>\n<p>[\/et_pb_text][et_pb_divider show_divider=\u00bboff\u00bb _builder_version=\u00bb4.27.4&#8243; _module_preset=\u00bbdefault\u00bb background_image=\u00bbhttps:\/\/teeptrak.com\/wp-content\/uploads\/2024\/12\/trait-teeptrak-clear.svg\u00bb width=\u00bb65%\u00bb module_alignment=\u00bbleft\u00bb min_height=\u00bb7.4px\u00bb height=\u00bb1px\u00bb max_height=\u00bb100px\u00bb custom_margin=\u00bb|-32px|10px|0px|false|false\u00bb custom_padding=\u00bb0px|0px|0px|0px|false|false\u00bb global_colors_info=\u00bb{}\u00bb][\/et_pb_divider][\/et_pb_column][\/et_pb_row][et_pb_row admin_label=\u00bbL\u00ednea\u00bb _builder_version=\u00bb4.27.3&#8243; _module_preset=\u00bbdefault\u00bb global_colors_info=\u00bb{}\u00bb][et_pb_column type=\u00bb4_4&#8243; _builder_version=\u00bb4.27.3&#8243; _module_preset=\u00bbdefault\u00bb global_colors_info=\u00bb{}\u00bb][et_pb_text _builder_version=\u00bb4.27.4&#8243; _module_preset=\u00bbdefault\u00bb width=\u00bb54.7%\u00bb module_alignment=\u00bbcenter\u00bb custom_padding=\u00bb|0px||0px||true\u00bb global_colors_info=\u00bb{}\u00bb]<\/p>\n<p style=\"text-align: center;\"><span style=\"color: #262626;\">Descubre c\u00f3mo TEEPTRAK ha ayudado a varios l\u00edderes de la industria a optimizar sus procesos de producci\u00f3n y mejorar su eficacia operativa.<\/span><\/p>\n<p style=\"text-align: center;\"><span style=\"color: #262626;\">Introduce tu direcci\u00f3n de correo electr\u00f3nico para recibir nuestro estudio de caso detallado y sumergirte en las soluciones innovadoras que hemos puesto en marcha para convertir los retos en \u00e9xitos.<\/span><\/p>\n<p>[\/et_pb_text][et_pb_code _builder_version=\u00bb4.27.5&#8243; _module_preset=\u00bbdefault\u00bb hover_enabled=\u00bb0&#8243; sticky_enabled=\u00bb0&#8243;]    <div class=\"teeptrak-form-container \">\n        <h3 class=\"teeptrak-form-title\">Descargar el caso de estudio<\/h3>                \n        <form id=\"teeptrak-69dc8d10158b6\" class=\"teeptrak-form\" data-form-type=\"case_study\">\n            <div style=\"position:absolute;left:-9999px;\"><input type=\"text\" name=\"website_url\" value=\"\" tabindex=\"-1\"><input type=\"text\" name=\"fax_number\" value=\"\" tabindex=\"-1\"><\/div>            \n            <div class=\"teeptrak-form-row\">                <div class=\"teeptrak-form-field\">\n                    <label>Estudio de caso <span class=\"required\">*<\/span><\/label>                    \n                                            <select name=\"case_study\" required>\n                                                            <option value=\"\">Seleccione un estudio de caso<\/option>\n                                                            <option value=\"Perftrak\">Perftrak<\/option>\n                                                            <option value=\"Etude de cas Secteur Materiaux\">Etude de cas Secteur Materiaux<\/option>\n                                                            <option value=\"Etude de cas Secteur Electronique\">Etude de cas Secteur Electronique<\/option>\n                                                            <option value=\"Etude de cas Secteur Automobile\">Etude de cas Secteur Automobile<\/option>\n                                                            <option value=\"Etude de cas Secteur Agroalimentaire\">Etude de cas Secteur Agroalimentaire<\/option>\n                                                    <\/select>\n                                    <\/div>\n            <\/div><div class=\"teeptrak-form-row teeptrak-form-row-half\">                <div class=\"teeptrak-form-field\">\n                    <label>Nombre de pila <span class=\"required\">*<\/span><\/label>                    \n                                            <input type=\"text\" name=\"first_name\" required placeholder=\"\">\n                                    <\/div>\n                            <div class=\"teeptrak-form-field\">\n                    <label>Nombre<\/label>                    \n                                            <input type=\"text\" name=\"last_name\"  placeholder=\"\">\n                                    <\/div>\n            <\/div><div class=\"teeptrak-form-row\">                <div class=\"teeptrak-form-field\">\n                    <label>Correo electr\u00f3nico <span class=\"required\">*<\/span><\/label>                    \n                                            <input type=\"email\" name=\"email\" required placeholder=\"\">\n                                    <\/div>\n            <\/div><div class=\"teeptrak-form-row\">                <div class=\"teeptrak-form-field\">\n                    <label>Negocio<\/label>                    \n                                            <input type=\"text\" name=\"company\"  placeholder=\"\">\n                                    <\/div>\n            <\/div>            \n            <input type=\"hidden\" name=\"page_url\" value=\"https:\/\/teeptrak.com\/es\/casos-practicos-industriales\/\">\n            <input type=\"hidden\" name=\"recaptcha_token\" value=\"\" class=\"teeptrak-recaptcha-token\">\n            \n                        \n            <div class=\"teeptrak-form-row\">\n                <button type=\"submit\" class=\"teeptrak-submit teeptrak-submit-full\">\n                    <span class=\"teeptrak-submit-text\">Recibir<\/span>\n                    <span class=\"teeptrak-submit-loading\" style=\"display:none;\">Envoi...<\/span>\n                <\/button>\n            <\/div>\n            \n            <div class=\"teeptrak-form-message\" style=\"display:none;\"><\/div>\n        <\/form>\n    <\/div>\n    [\/et_pb_code][\/et_pb_column][\/et_pb_row][et_pb_row _builder_version=\u00bb4.27.3&#8243; _module_preset=\u00bbdefault\u00bb global_colors_info=\u00bb{}\u00bb][et_pb_column type=\u00bb4_4&#8243; _builder_version=\u00bb4.27.3&#8243; _module_preset=\u00bbdefault\u00bb global_colors_info=\u00bb{}\u00bb][et_pb_image src=\u00bbhttps:\/\/teeptrak.com\/wp-content\/uploads\/2025\/03\/Etudedecas_ES1.jpg\u00bb alt=\u00bbCasos pr\u00e1cticos\u00bb align=\u00bbcenter\u00bb _builder_version=\u00bb4.27.4&#8243; _module_preset=\u00bbdefault\u00bb global_colors_info=\u00bb{}\u00bb][\/et_pb_image][\/et_pb_column][\/et_pb_row][\/et_pb_section]<\/p>\n","protected":false},"excerpt":{"rendered":"<p>Explora nuestros estudios de casos industriales. Descubre c\u00f3mo TeepTrak est\u00e1 mejorando la OEE y el rendimiento a trav\u00e9s de proyectos reales de Industria 4.0. <\/p>\n","protected":false},"author":7,"featured_media":0,"parent":0,"menu_order":0,"comment_status":"closed","ping_status":"closed","template":"","meta":{"_et_pb_use_builder":"on","_et_pb_old_content":"","_et_gb_content_width":"","footnotes":""},"class_list":["post-32702","page","type-page","status-publish","hentry"],"yoast_head":"<!-- This site is optimized with the Yoast SEO plugin v27.3 - https:\/\/yoast.com\/product\/yoast-seo-wordpress\/ -->\n<title>Casos pr\u00e1cticos - TEEPTRAK<\/title>\n<meta name=\"description\" content=\"Insp\u00edrate en los casos de \u00e9xito del sector con TEEPTRAK. Descubre casos de innovaci\u00f3n que han transformado empresas.\" \/>\n<meta name=\"robots\" content=\"index, follow, max-snippet:-1, max-image-preview:large, max-video-preview:-1\" \/>\n<link rel=\"canonical\" href=\"https:\/\/teeptrak.com\/es\/casos-practicos-industriales\/\" \/>\n<meta property=\"og:locale\" content=\"es_ES\" \/>\n<meta property=\"og:type\" content=\"article\" \/>\n<meta property=\"og:title\" content=\"Casos pr\u00e1cticos - TEEPTRAK\" \/>\n<meta property=\"og:description\" content=\"Insp\u00edrate en los casos de \u00e9xito del sector con TEEPTRAK. Descubre casos de innovaci\u00f3n que han transformado empresas.\" \/>\n<meta property=\"og:url\" content=\"https:\/\/teeptrak.com\/es\/casos-practicos-industriales\/\" \/>\n<meta property=\"og:site_name\" content=\"TEEPTRAK\" \/>\n<meta property=\"article:modified_time\" content=\"2026-02-10T00:58:03+00:00\" \/>\n<meta name=\"twitter:card\" content=\"summary_large_image\" \/>\n<meta name=\"twitter:label1\" content=\"Tiempo de lectura\" \/>\n\t<meta name=\"twitter:data1\" content=\"2 minutos\" \/>\n<script type=\"application\/ld+json\" class=\"yoast-schema-graph\">{\"@context\":\"https:\\\/\\\/schema.org\",\"@graph\":[{\"@type\":\"WebPage\",\"@id\":\"https:\\\/\\\/teeptrak.com\\\/es\\\/casos-practicos-industriales\\\/\",\"url\":\"https:\\\/\\\/teeptrak.com\\\/es\\\/casos-practicos-industriales\\\/\",\"name\":\"Casos pr\u00e1cticos - TEEPTRAK\",\"isPartOf\":{\"@id\":\"https:\\\/\\\/teeptrak.com\\\/es\\\/#website\"},\"datePublished\":\"2024-05-14T08:48:06+00:00\",\"dateModified\":\"2026-02-10T00:58:03+00:00\",\"description\":\"Insp\u00edrate en los casos de \u00e9xito del sector con TEEPTRAK. Descubre casos de innovaci\u00f3n que han transformado empresas.\",\"breadcrumb\":{\"@id\":\"https:\\\/\\\/teeptrak.com\\\/es\\\/casos-practicos-industriales\\\/#breadcrumb\"},\"inLanguage\":\"es\",\"potentialAction\":[{\"@type\":\"ReadAction\",\"target\":[\"https:\\\/\\\/teeptrak.com\\\/es\\\/casos-practicos-industriales\\\/\"]}]},{\"@type\":\"BreadcrumbList\",\"@id\":\"https:\\\/\\\/teeptrak.com\\\/es\\\/casos-practicos-industriales\\\/#breadcrumb\",\"itemListElement\":[{\"@type\":\"ListItem\",\"position\":1,\"name\":\"Accueil\",\"item\":\"https:\\\/\\\/teeptrak.com\\\/es\\\/\"},{\"@type\":\"ListItem\",\"position\":2,\"name\":\"Casos pr\u00e1cticos\"}]},{\"@type\":\"WebSite\",\"@id\":\"https:\\\/\\\/teeptrak.com\\\/es\\\/#website\",\"url\":\"https:\\\/\\\/teeptrak.com\\\/es\\\/\",\"name\":\"TEEPTRAK\",\"description\":\"Optimisez votre potentiel industriel\",\"publisher\":{\"@id\":\"https:\\\/\\\/teeptrak.com\\\/es\\\/#organization\"},\"potentialAction\":[{\"@type\":\"SearchAction\",\"target\":{\"@type\":\"EntryPoint\",\"urlTemplate\":\"https:\\\/\\\/teeptrak.com\\\/es\\\/?s={search_term_string}\"},\"query-input\":{\"@type\":\"PropertyValueSpecification\",\"valueRequired\":true,\"valueName\":\"search_term_string\"}}],\"inLanguage\":\"es\"},{\"@type\":\"Organization\",\"@id\":\"https:\\\/\\\/teeptrak.com\\\/es\\\/#organization\",\"name\":\"TEEPTRAK\",\"url\":\"https:\\\/\\\/teeptrak.com\\\/es\\\/\",\"logo\":{\"@type\":\"ImageObject\",\"inLanguage\":\"es\",\"@id\":\"https:\\\/\\\/teeptrak.com\\\/es\\\/#\\\/schema\\\/logo\\\/image\\\/\",\"url\":\"https:\\\/\\\/teeptrak.com\\\/wp-content\\\/uploads\\\/2023\\\/05\\\/cropped-Capture-decran-2023-05-04-112832.png\",\"contentUrl\":\"https:\\\/\\\/teeptrak.com\\\/wp-content\\\/uploads\\\/2023\\\/05\\\/cropped-Capture-decran-2023-05-04-112832.png\",\"width\":512,\"height\":512,\"caption\":\"TEEPTRAK\"},\"image\":{\"@id\":\"https:\\\/\\\/teeptrak.com\\\/es\\\/#\\\/schema\\\/logo\\\/image\\\/\"},\"sameAs\":[\"https:\\\/\\\/www.linkedin.com\\\/company\\\/teeptrak\\\/\",\"https:\\\/\\\/www.linkedin.com\\\/company\\\/teeptrakinternational\\\/\"]}]}<\/script>\n<!-- \/ Yoast SEO plugin. -->","yoast_head_json":{"title":"Casos pr\u00e1cticos - TEEPTRAK","description":"Insp\u00edrate en los casos de \u00e9xito del sector con TEEPTRAK. Descubre casos de innovaci\u00f3n que han transformado empresas.","robots":{"index":"index","follow":"follow","max-snippet":"max-snippet:-1","max-image-preview":"max-image-preview:large","max-video-preview":"max-video-preview:-1"},"canonical":"https:\/\/teeptrak.com\/es\/casos-practicos-industriales\/","og_locale":"es_ES","og_type":"article","og_title":"Casos pr\u00e1cticos - TEEPTRAK","og_description":"Insp\u00edrate en los casos de \u00e9xito del sector con TEEPTRAK. Descubre casos de innovaci\u00f3n que han transformado empresas.","og_url":"https:\/\/teeptrak.com\/es\/casos-practicos-industriales\/","og_site_name":"TEEPTRAK","article_modified_time":"2026-02-10T00:58:03+00:00","twitter_card":"summary_large_image","twitter_misc":{"Tiempo de lectura":"2 minutos"},"schema":{"@context":"https:\/\/schema.org","@graph":[{"@type":"WebPage","@id":"https:\/\/teeptrak.com\/es\/casos-practicos-industriales\/","url":"https:\/\/teeptrak.com\/es\/casos-practicos-industriales\/","name":"Casos pr\u00e1cticos - TEEPTRAK","isPartOf":{"@id":"https:\/\/teeptrak.com\/es\/#website"},"datePublished":"2024-05-14T08:48:06+00:00","dateModified":"2026-02-10T00:58:03+00:00","description":"Insp\u00edrate en los casos de \u00e9xito del sector con TEEPTRAK. Descubre casos de innovaci\u00f3n que han transformado empresas.","breadcrumb":{"@id":"https:\/\/teeptrak.com\/es\/casos-practicos-industriales\/#breadcrumb"},"inLanguage":"es","potentialAction":[{"@type":"ReadAction","target":["https:\/\/teeptrak.com\/es\/casos-practicos-industriales\/"]}]},{"@type":"BreadcrumbList","@id":"https:\/\/teeptrak.com\/es\/casos-practicos-industriales\/#breadcrumb","itemListElement":[{"@type":"ListItem","position":1,"name":"Accueil","item":"https:\/\/teeptrak.com\/es\/"},{"@type":"ListItem","position":2,"name":"Casos pr\u00e1cticos"}]},{"@type":"WebSite","@id":"https:\/\/teeptrak.com\/es\/#website","url":"https:\/\/teeptrak.com\/es\/","name":"TEEPTRAK","description":"Optimisez votre potentiel industriel","publisher":{"@id":"https:\/\/teeptrak.com\/es\/#organization"},"potentialAction":[{"@type":"SearchAction","target":{"@type":"EntryPoint","urlTemplate":"https:\/\/teeptrak.com\/es\/?s={search_term_string}"},"query-input":{"@type":"PropertyValueSpecification","valueRequired":true,"valueName":"search_term_string"}}],"inLanguage":"es"},{"@type":"Organization","@id":"https:\/\/teeptrak.com\/es\/#organization","name":"TEEPTRAK","url":"https:\/\/teeptrak.com\/es\/","logo":{"@type":"ImageObject","inLanguage":"es","@id":"https:\/\/teeptrak.com\/es\/#\/schema\/logo\/image\/","url":"https:\/\/teeptrak.com\/wp-content\/uploads\/2023\/05\/cropped-Capture-decran-2023-05-04-112832.png","contentUrl":"https:\/\/teeptrak.com\/wp-content\/uploads\/2023\/05\/cropped-Capture-decran-2023-05-04-112832.png","width":512,"height":512,"caption":"TEEPTRAK"},"image":{"@id":"https:\/\/teeptrak.com\/es\/#\/schema\/logo\/image\/"},"sameAs":["https:\/\/www.linkedin.com\/company\/teeptrak\/","https:\/\/www.linkedin.com\/company\/teeptrakinternational\/"]}]}},"_links":{"self":[{"href":"https:\/\/teeptrak.com\/es\/wp-json\/wp\/v2\/pages\/32702","targetHints":{"allow":["GET"]}}],"collection":[{"href":"https:\/\/teeptrak.com\/es\/wp-json\/wp\/v2\/pages"}],"about":[{"href":"https:\/\/teeptrak.com\/es\/wp-json\/wp\/v2\/types\/page"}],"author":[{"embeddable":true,"href":"https:\/\/teeptrak.com\/es\/wp-json\/wp\/v2\/users\/7"}],"replies":[{"embeddable":true,"href":"https:\/\/teeptrak.com\/es\/wp-json\/wp\/v2\/comments?post=32702"}],"version-history":[{"count":24,"href":"https:\/\/teeptrak.com\/es\/wp-json\/wp\/v2\/pages\/32702\/revisions"}],"predecessor-version":[{"id":74844,"href":"https:\/\/teeptrak.com\/es\/wp-json\/wp\/v2\/pages\/32702\/revisions\/74844"}],"wp:attachment":[{"href":"https:\/\/teeptrak.com\/es\/wp-json\/wp\/v2\/media?parent=32702"}],"curies":[{"name":"wp","href":"https:\/\/api.w.org\/{rel}","templated":true}]}}