{"id":31930,"date":"2023-03-31T12:00:22","date_gmt":"2023-03-31T12:00:22","guid":{"rendered":"https:\/\/new.teeptrak.com\/calcula-tu-roi\/"},"modified":"2026-01-15T13:55:05","modified_gmt":"2026-01-15T13:55:05","slug":"calcula-tu-roi","status":"publish","type":"page","link":"https:\/\/teeptrak.com\/es\/calcula-tu-roi\/","title":{"rendered":"Calculadora de ROI"},"content":{"rendered":"<p>[et_pb_section fb_built=\u00bb1&#8243; module_class=\u00bbsection-overlay-bottom section-overlay-bottom-75&#8243; _builder_version=\u00bb4.27.4&#8243; _module_preset=\u00bbdefault\u00bb background_image=\u00bbhttps:\/\/teeptrak.com\/wp-content\/uploads\/2024\/06\/TeepTrak_fond_reseaurouge_Reseau_Rouge.jpg\u00bb min_height_tablet=\u00bb\u00bb min_height_phone=\u00bb\u00bb min_height_last_edited=\u00bbon|desktop\u00bb height_tablet=\u00bb\u00bb height_phone=\u00bb\u00bb height_last_edited=\u00bbon|tablet\u00bb max_height_tablet=\u00bb\u00bb max_height_phone=\u00bb\u00bb max_height_last_edited=\u00bbon|tablet\u00bb custom_margin=\u00bb||||false|false\u00bb custom_margin_tablet=\u00bb||||false|false\u00bb custom_margin_phone=\u00bb||||false|false\u00bb custom_margin_last_edited=\u00bbon|phone\u00bb global_colors_info=\u00bb{}\u00bb][et_pb_row _builder_version=\u00bb4.27.0&#8243; _module_preset=\u00bbdefault\u00bb custom_margin=\u00bb|auto|49px|auto||\u00bb global_colors_info=\u00bb{}\u00bb][et_pb_column type=\u00bb4_4&#8243; _builder_version=\u00bb4.27.0&#8243; _module_preset=\u00bbdefault\u00bb global_colors_info=\u00bb{}\u00bb][et_pb_text _builder_version=\u00bb4.27.2&#8243; _module_preset=\u00bbdefault\u00bb header_2_font=\u00bb|300|||||||\u00bb header_2_font_size=\u00bb38px\u00bb header_4_font=\u00bb|||on|||||\u00bb header_4_text_color=\u00bb#FFFFFF\u00bb header_4_font_size=\u00bb13px\u00bb header_4_letter_spacing=\u00bb1px\u00bb custom_margin=\u00bb0px|0px|||false|false\u00bb custom_padding=\u00bb0px||||false|false\u00bb header_2_font_size_tablet=\u00bb38px\u00bb header_2_font_size_phone=\u00bb30px\u00bb header_2_font_size_last_edited=\u00bbon|phone\u00bb header_4_font_size_tablet=\u00bb13px\u00bb header_4_font_size_phone=\u00bb13px\u00bb header_4_font_size_last_edited=\u00bbon|desktop\u00bb locked=\u00bboff\u00bb global_colors_info=\u00bb{}\u00bb]<\/p>\n<h1 style=\"text-align: center; color: #ffffff; font-size: 38px;\"><strong>Calcula <\/strong>tu<span style=\"color: #000000;\"><strong> ROI<\/strong><\/span><br \/>\n<span style=\"text-align: center; color: #ffffff; font-size: 38px;\">\u00a1y toma decisiones informadas para mejorar tu rentabilidad!<\/span><\/h1>\n<p>[\/et_pb_text][et_pb_image src=\u00bbhttps:\/\/teeptrak.com\/wp-content\/uploads\/2023\/05\/trait-blanc-12.svg\u00bb title_text=\u00bbtrait blanc-12&#8243; _builder_version=\u00bb4.21.2&#8243; _module_preset=\u00bbdefault\u00bb locked=\u00bboff\u00bb global_colors_info=\u00bb{}\u00bb][\/et_pb_image][\/et_pb_column][\/et_pb_row][et_pb_row custom_padding_last_edited=\u00bbon|tablet\u00bb _builder_version=\u00bb4.27.0&#8243; _module_preset=\u00bbdefault\u00bb background_color=\u00bb#FFFFFF\u00bb width=\u00bb100%\u00bb width_tablet=\u00bb80%\u00bb width_phone=\u00bb90%\u00bb width_last_edited=\u00bbon|tablet\u00bb min_height=\u00bb1520.6px\u00bb custom_margin=\u00bb27px|auto||auto|false|false\u00bb custom_margin_tablet=\u00bb45px||0px||false|false\u00bb custom_margin_phone=\u00bb0px||||false|false\u00bb custom_margin_last_edited=\u00bbon|phone\u00bb custom_padding=\u00bb33px|104px|33px|104px|true|true\u00bb custom_padding_tablet=\u00bb0px|40px|0px|40px|true|true\u00bb custom_padding_phone=\u00bb20px|20px|20px|20px|true|true\u00bb border_radii=\u00bbon|25px|25px|25px|25px\u00bb box_shadow_style=\u00bbpreset1&#8243; global_colors_info=\u00bb{}\u00bb][et_pb_column type=\u00bb4_4&#8243; module_class=\u00bbcol-retour\u00bb _builder_version=\u00bb4.27.0&#8243; _module_preset=\u00bbdefault\u00bb global_colors_info=\u00bb{}\u00bb][et_pb_text content_tablet=\u00bb<\/p>\n<h2><span data-metadata=%22%22><\/span><strong>Calcula <\/strong>tu ROI<br \/><span style=%22color: #000000;%22>\u00a1y <span>toma decisiones informadas para mejorar tu rentabilidad!<\/span><\/span><\/h2>\n<p>\u00bb content_phone=\u00bb<\/p>\n<h2><span data-metadata=%22%22><\/span><\/h2>\n<h2><span data-metadata=%22%22><\/span><\/h2>\n<h2><span data-metadata=%22%22><\/span><strong>Calcula <\/strong>tu ROI<br \/><span style=%22color: #000000;%22>\u00a1y <span>toma decisiones informadas para mejorar tu rentabilidad!<\/span><\/span><\/h2>\n<p>\u00bb content_last_edited=\u00bbon|phone\u00bb module_class=\u00bbtxt-retour txt-sur\u00bb _builder_version=\u00bb4.27.4&#8243; _module_preset=\u00bbdefault\u00bb text_font=\u00bb|300|||||||\u00bb text_font_size=\u00bb11px\u00bb header_font_size=\u00bb29px\u00bb header_2_font=\u00bbRoboto|300|||||||\u00bb header_2_text_color=\u00bb#E02B20&#8243; header_2_line_height=\u00bb1.3em\u00bb custom_margin=\u00bb49px||11px||false|false\u00bb custom_margin_tablet=\u00bb49px||||false|false\u00bb custom_margin_phone=\u00bb49px||||false|false\u00bb custom_margin_last_edited=\u00bbon|desktop\u00bb text_font_size_tablet=\u00bb\u00bb text_font_size_phone=\u00bb14px\u00bb text_font_size_last_edited=\u00bbon|phone\u00bb header_2_font_size_tablet=\u00bb\u00bb header_2_font_size_phone=\u00bb22px\u00bb header_2_font_size_last_edited=\u00bbon|phone\u00bb global_colors_info=\u00bb{}\u00bb]<\/p>\n<h2 style=\"color: #000 !important; font-family: \u00bbRoboto, sans-serif;\"><strong style=\"color: #333;\">Retorno de la<\/strong><strong> inversi\u00f3n<\/strong><\/h2>\n<p><span style=\"color: #000000; font-size: large;\">Comprender el impacto financiero de tus elecciones es esencial para optimizar tus recursos y maximizar tus beneficios.<br \/><\/span><span style=\"color: #000000; font-size: large;\">Con nuestra <strong>calculadora de ROI <\/strong>que encontrar\u00e1s a continuaci\u00f3n, podr\u00e1s obtener f\u00e1cilmente estimaciones precisas y tomar decisiones informadas para mejorar el rendimiento de tu empresa. Utiliza esta herramienta para orientar con confianza tus estrategias de inversi\u00f3n y mejorar significativamente tu rentabilidad. <\/span><\/p>\n<p>[\/et_pb_text][et_pb_image src=\u00bbhttps:\/\/teeptrak.com\/wp-content\/uploads\/2024\/12\/trait-horizontal.png\u00bb title_text=\u00bbdivisi\u00f3n horizontal\u00bb _builder_version=\u00bb4.27.4&#8243; _module_preset=\u00bbdefault\u00bb width=\u00bb100%\u00bb width_tablet=\u00bb37%\u00bb width_phone=\u00bb100%\u00bb width_last_edited=\u00bbon|phone\u00bb global_colors_info=\u00bb{}\u00bb][\/et_pb_image][et_pb_code _builder_version=\u00bb4.27.4&#8243; _module_preset=\u00bbdefault\u00bb min_height=\u00bb620.1px\u00bb custom_margin_tablet=\u00bb\u00bb custom_margin_phone=\u00bb-26px||||false|false\u00bb custom_margin_last_edited=\u00bbon|phone\u00bb custom_padding=\u00bb0px||0px|||\u00bb global_colors_info=\u00bb{}\u00bb]<div class=\"roi_calculator roi_calculator_fr\">  <div class=\"roi_switcher_wrap\"> <div class=\"switch_container\"> <label for=\"toggle-button\" id=\"toggle-button-ar\" class=\"toggle-button-text\">Optimisation des actifs<\/label> <input type=\"checkbox\" name=\"toggle\" id=\"toggle-button\" class=\"toggle-button\"> <label for=\"toggle-button\" id=\"toggle-button-om\" class=\"toggle-button-text\">Augmentation des volumes<\/label> <\/div><\/div><div class=\"roi_wrapper\"> <div class=\"roi_row\"> <div class=\"roi_col\"> <div class=\"roi_lbl\"> <span class=\"roi_name\">Nombre de machines<\/span> <span class=\"roi_val\" id=\"roi_result_machines\">0<\/span> <\/div><div id=\"roi_machines_slider\" class=\"roi_slider\"><\/div><div class=\"roi_slider_range\"><span>1<\/span><span>100<\/span><\/div><\/div><div class=\"roi_col\"> <div class=\"roi_row roi_row_inside roi_row_inside_switches\"> <div class=\"roi_col\"> <div class=\"roi_lbl roi__assets_hidden\"> <span class=\"roi_name\">Co\u00fbt horaire de fonctionnement <span class=\"roi_tooltip_ico\"> <svg width=\"11\" height=\"11\" viewBox=\"0 0 14 14\" fill=\"none\" xmlns=\"https:\/\/www.w3.org\/2000\/svg\"> <path fill-rule=\"evenodd\" clip-rule=\"evenodd\" d=\"M6.99935 1.16699C3.77935 1.16699 1.16602 3.78033 1.16602 7.00033C1.16602 10.2203 3.77935 12.8337 6.99935 12.8337C10.2193 12.8337 12.8327 10.2203 12.8327 7.00033C12.8327 3.78033 10.2193 1.16699 6.99935 1.16699ZM6.41602 9.91699V6.41699H7.58268V9.91699H6.41602ZM6.41602 4.08366V5.25033H7.58268V4.08366H6.41602Z\" fill=\"#000000\" fill-opacity=\"1\"\/> <\/svg> <div class=\"roi_tooltip\">*hors mati\u00e8res premi\u00e8res <\/div><\/span> <\/span> <div class=\"roi_input_sign\"> <input type=\"number\" id=\"roi_hourly_cost\" value=\"100\"> <span class=\"roi_currency_sign\">\u20ac<\/span> <\/div><\/div><div class=\"roi_lbl roi__max_hidden\"> <span class=\"roi_name\">Ventes annuelles moyennes par machines<\/span> <div class=\"roi_input_sign\"> <input type=\"number\" id=\"roi_revenues_machine\" value=\"500000\"> <span class=\"roi_currency_sign\">\u20ac<\/span> <\/div><\/div><\/div><div class=\"roi_col\"> <div class=\"roi_lbl\"> <div class=\"roi_name\">Devise<\/div><div class=\"roi_select\"> <select id=\"roi_currency\"> <option value=\"1\" data-sign=\"\u20ac\">EUR<\/option> <option value=\"1.13\" data-sign=\"$\">USD<\/option> <option value=\"0.9\" data-sign=\"\u00a3\">GBP<\/option> <option value=\"7.92\" data-sign=\"\u00a5\">CNY<\/option> <\/select> <\/div><\/div><\/div><\/div><\/div><div class=\"roi_col roi__assets_hidden\"> <div class=\"roi_lbl\"> <span class=\"roi_name\">Heures de fonctionnement par jour<\/span> <span class=\"roi_val\" id=\"roi_result_hours\">0<\/span> <\/div><div id=\"roi_hours_slider\" class=\"roi_slider\"><\/div><div class=\"roi_slider_range\"><span>1h<\/span><span>24h<\/span><\/div><\/div><div class=\"roi_col roi__max_hidden\"> <div class=\"roi_lbl\"> <span class=\"roi_name\">Pourcentage de co\u00fbts variables<\/span> <span class=\"roi_val\" id=\"roi_result_hours_percent\">0<\/span> <\/div><div id=\"roi_hours_percent_slider\" class=\"roi_slider\"><\/div><div class=\"roi_slider_range\"><span>0%<\/span><span>100%<\/span><\/div><\/div><div class=\"roi_col roi__assets_hidden\"> <div class=\"roi_lbl\"> <span class=\"roi_name\">Jours de production par semaine<\/span> <span class=\"roi_val\" id=\"roi_result_days\">0<\/span> <\/div><div id=\"roi_days_slider\" class=\"roi_slider\"><\/div><div class=\"roi_slider_range\"><span>1<\/span><span>7<\/span><\/div><\/div><div class=\"roi_col roi__assets_hidden\"> <div class=\"roi_lbl\"> <span class=\"roi_name\">Semaine de production par ann\u00e9e<\/span> <span class=\"roi_val\" id=\"roi_result_weeks\">0<\/span> <\/div><div id=\"roi_weeks_slider\" class=\"roi_slider\"><\/div><div class=\"roi_slider_range\"><span>1<\/span><span>52<\/span><\/div><\/div><div class=\"roi_col\"> <div class=\"roi_lbl\"> <span class=\"roi_name\">TRS actuel<\/span> <span class=\"roi_val\" id=\"roi_result_estimate\">0<\/span> <\/div><div id=\"roi_estimate_slider\" class=\"roi_slider\"><\/div><div class=\"roi_slider_range\"><span>0%<\/span><span>100%<\/span><\/div><\/div><div class=\"roi_col\"> <div class=\"roi_lbl\"> <span class=\"roi_name\">Gain de TRS (%)<\/span> <span class=\"roi_val\" id=\"roi_result_gain\">0<\/span> <\/div><div id=\"roi_gain_slider\" class=\"roi_slider\"><\/div><div class=\"roi_slider_range\"><span>0%<\/span><span>100%<\/span><\/div><\/div><div class=\"roi_col\"> <\/div><\/div><\/div><div class=\"roi_wrapper roi_wrapper_results\"> <div class=\"roi_col\"> <div class=\"roi_results_name\">Gain financier net <span class=\"roi_tooltip_ico\"> <svg width=\"11\" height=\"11\" viewBox=\"0 0 14 14\" fill=\"none\" xmlns=\"https:\/\/www.w3.org\/2000\/svg\"> <path fill-rule=\"evenodd\" clip-rule=\"evenodd\" d=\"M6.99935 1.16699C3.77935 1.16699 1.16602 3.78033 1.16602 7.00033C1.16602 10.2203 3.77935 12.8337 6.99935 12.8337C10.2193 12.8337 12.8327 10.2203 12.8327 7.00033C12.8327 3.78033 10.2193 1.16699 6.99935 1.16699ZM6.41602 9.91699V6.41699H7.58268V9.91699H6.41602ZM6.41602 4.08366V5.25033H7.58268V4.08366H6.41602Z\" fill=\"#000000\" fill-opacity=\"1\"\/> <\/svg> <div class=\"roi_tooltip\">*d\u00e9coulant de l'augmentation de TRS <\/div><\/span> <\/div><div class=\"roi_results_value\"><span id=\"roi__net\">0<\/span> <\/div><\/div><div class=\"roi_col\"> <div class=\"roi_results_name\">D\u00e9lai de rentabilit\u00e9<\/div><div class=\"roi_results_value\"><span id=\"roi__payback\">0<\/span> <span>jours<\/span><\/div><\/div><div class=\"roi_col\"> <div class=\"roi_results_name\">Retour sur Investissement (un an)<\/div><div class=\"roi_results_value\"><span id=\"roi__roi\">0<\/span> <\/div><\/div><\/div><\/div>\r\n<link rel=\"stylesheet\" type=\"text\/css\" href=\"https:\/\/teeptrakcontent.b-cdn.net\/nouislider.min.css\"\/>\r\n<link rel=\"stylesheet\" type=\"text\/css\" href=\"https:\/\/teeptrakcontent.b-cdn.net\/customslider.css\"\/>\r\n<script type=\"text\/javascript\" src=\"https:\/\/teeptrakcontent.b-cdn.net\/nouislider.min.js\"><\/script>\r\n<script src=\"https:\/\/teeptrakcontent.b-cdn.net\/select2.min.js\"><\/script>\r\n<script src=\"https:\/\/teeptrakcontent.b-cdn.net\/roicalculator.js\"><\/script>[\/et_pb_code][et_pb_code module_class=\u00bbcode-svg\u00bb _builder_version=\u00bb4.27.4&#8243; _module_preset=\u00bbdefault\u00bb width=\u00bb82%\u00bb width_tablet=\u00bb50%\u00bb width_phone=\u00bb100%\u00bb width_last_edited=\u00bbon|phone\u00bb max_width_tablet=\u00bb\u00bb max_width_phone=\u00bb100%\u00bb max_width_last_edited=\u00bbon|phone\u00bb module_alignment=\u00bbcenter\u00bb min_height_tablet=\u00bb\u00bb min_height_phone=\u00bb\u00bb min_height_last_edited=\u00bbon|desktop\u00bb height_tablet=\u00bb\u00bb height_phone=\u00bb\u00bb height_last_edited=\u00bbon|tablet\u00bb max_height_tablet=\u00bb\u00bb max_height_phone=\u00bb\u00bb max_height_last_edited=\u00bbon|phone\u00bb custom_margin=\u00bb|||0px|false|false\u00bb custom_margin_tablet=\u00bb|||0px|false|false\u00bb custom_margin_phone=\u00bb-100px||-695px|0px|false|false\u00bb custom_margin_last_edited=\u00bbon|tablet\u00bb custom_padding=\u00bb0px||0px||false|false\u00bb global_colors_info=\u00bb{}\u00bb]<lottie-player src=\"https:\/\/teeptrak.com\/wp-content\/uploads\/2023\/06\/B3Kl6ETLv7.json\" background=\"transparent\" speed=\"1\" style=\"width: 100%; height: 100%;\" loop=\"\" autoplay=\"\"><\/lottie-player>[\/et_pb_code][et_pb_code _builder_version=\u00bb4.27.4&#8243; _module_preset=\u00bbdefault\u00bb global_colors_info=\u00bb{}\u00bb]<link rel=\"stylesheet\" type=\"text\/css\" href=\"\/wp-content\/uploads\/roi\/nouislider.min.css\"><!-- [et_pb_line_break_holder] --><script type=\"text\/javascript\" src=\"\/wp-content\/uploads\/roi\/nouislider.min.js\"><\/script><!-- [et_pb_line_break_holder] --><script src=\"\/wp-content\/uploads\/roi\/roicalculator.js\"><\/script><!-- [et_pb_line_break_holder] --><script src=\"\/wp-content\/uploads\/roi\/select2.min.js\"><\/script>[\/et_pb_code][\/et_pb_column][\/et_pb_row][\/et_pb_section]<\/p>\n","protected":false},"excerpt":{"rendered":"<p>Eval\u00faa el rendimiento de tu inversi\u00f3n en unos pocos clics. El simulador TeepTrak calcula los beneficios econ\u00f3micos de mejorar tu OEE. <\/p>\n","protected":false},"author":1,"featured_media":0,"parent":0,"menu_order":0,"comment_status":"closed","ping_status":"closed","template":"","meta":{"_et_pb_use_builder":"on","_et_pb_old_content":"","_et_gb_content_width":"","footnotes":""},"class_list":["post-31930","page","type-page","status-publish","hentry"],"yoast_head":"<!-- This site is optimized with the Yoast SEO plugin v27.4 - https:\/\/yoast.com\/product\/yoast-seo-wordpress\/ -->\n<title>Calculadora de ROI - TEEPTRAK<\/title>\n<meta name=\"description\" content=\"Calcula tu ROI: estima tus ahorros potenciales y ganancias de productividad con las soluciones OEE de TEEPTRAK.\" \/>\n<meta name=\"robots\" content=\"index, follow, max-snippet:-1, max-image-preview:large, max-video-preview:-1\" \/>\n<link rel=\"canonical\" href=\"https:\/\/teeptrak.com\/es\/calcula-tu-roi\/\" \/>\n<meta property=\"og:locale\" content=\"es_ES\" \/>\n<meta property=\"og:type\" content=\"article\" \/>\n<meta property=\"og:title\" content=\"Calculadora de ROI - TEEPTRAK\" \/>\n<meta property=\"og:description\" content=\"Calcula tu ROI: estima tus ahorros potenciales y ganancias de productividad con las soluciones OEE de TEEPTRAK.\" \/>\n<meta property=\"og:url\" content=\"https:\/\/teeptrak.com\/es\/calcula-tu-roi\/\" \/>\n<meta property=\"og:site_name\" content=\"TEEPTRAK\" \/>\n<meta property=\"article:modified_time\" content=\"2026-01-15T13:55:05+00:00\" \/>\n<meta name=\"twitter:card\" content=\"summary_large_image\" \/>\n<meta name=\"twitter:label1\" content=\"Tiempo de lectura\" \/>\n\t<meta name=\"twitter:data1\" content=\"2 minutos\" \/>\n<script type=\"application\/ld+json\" class=\"yoast-schema-graph\">{\"@context\":\"https:\\\/\\\/schema.org\",\"@graph\":[{\"@type\":\"WebPage\",\"@id\":\"https:\\\/\\\/teeptrak.com\\\/es\\\/calcula-tu-roi\\\/\",\"url\":\"https:\\\/\\\/teeptrak.com\\\/es\\\/calcula-tu-roi\\\/\",\"name\":\"Calculadora de ROI - TEEPTRAK\",\"isPartOf\":{\"@id\":\"https:\\\/\\\/teeptrak.com\\\/es\\\/#website\"},\"datePublished\":\"2023-03-31T12:00:22+00:00\",\"dateModified\":\"2026-01-15T13:55:05+00:00\",\"description\":\"Calcula tu ROI: estima tus ahorros potenciales y ganancias de productividad con las soluciones OEE de TEEPTRAK.\",\"breadcrumb\":{\"@id\":\"https:\\\/\\\/teeptrak.com\\\/es\\\/calcula-tu-roi\\\/#breadcrumb\"},\"inLanguage\":\"es\",\"potentialAction\":[{\"@type\":\"ReadAction\",\"target\":[\"https:\\\/\\\/teeptrak.com\\\/es\\\/calcula-tu-roi\\\/\"]}]},{\"@type\":\"BreadcrumbList\",\"@id\":\"https:\\\/\\\/teeptrak.com\\\/es\\\/calcula-tu-roi\\\/#breadcrumb\",\"itemListElement\":[{\"@type\":\"ListItem\",\"position\":1,\"name\":\"Accueil\",\"item\":\"https:\\\/\\\/teeptrak.com\\\/es\\\/\"},{\"@type\":\"ListItem\",\"position\":2,\"name\":\"Calculadora de ROI\"}]},{\"@type\":\"WebSite\",\"@id\":\"https:\\\/\\\/teeptrak.com\\\/es\\\/#website\",\"url\":\"https:\\\/\\\/teeptrak.com\\\/es\\\/\",\"name\":\"TEEPTRAK\",\"description\":\"Optimisez votre potentiel industriel\",\"publisher\":{\"@id\":\"https:\\\/\\\/teeptrak.com\\\/es\\\/#organization\"},\"potentialAction\":[{\"@type\":\"SearchAction\",\"target\":{\"@type\":\"EntryPoint\",\"urlTemplate\":\"https:\\\/\\\/teeptrak.com\\\/es\\\/?s={search_term_string}\"},\"query-input\":{\"@type\":\"PropertyValueSpecification\",\"valueRequired\":true,\"valueName\":\"search_term_string\"}}],\"inLanguage\":\"es\"},{\"@type\":\"Organization\",\"@id\":\"https:\\\/\\\/teeptrak.com\\\/es\\\/#organization\",\"name\":\"TEEPTRAK\",\"url\":\"https:\\\/\\\/teeptrak.com\\\/es\\\/\",\"logo\":{\"@type\":\"ImageObject\",\"inLanguage\":\"es\",\"@id\":\"https:\\\/\\\/teeptrak.com\\\/es\\\/#\\\/schema\\\/logo\\\/image\\\/\",\"url\":\"https:\\\/\\\/teeptrak.com\\\/wp-content\\\/uploads\\\/2023\\\/05\\\/cropped-Capture-decran-2023-05-04-112832.png\",\"contentUrl\":\"https:\\\/\\\/teeptrak.com\\\/wp-content\\\/uploads\\\/2023\\\/05\\\/cropped-Capture-decran-2023-05-04-112832.png\",\"width\":512,\"height\":512,\"caption\":\"TEEPTRAK\"},\"image\":{\"@id\":\"https:\\\/\\\/teeptrak.com\\\/es\\\/#\\\/schema\\\/logo\\\/image\\\/\"},\"sameAs\":[\"https:\\\/\\\/www.linkedin.com\\\/company\\\/teeptrak\\\/\",\"https:\\\/\\\/www.linkedin.com\\\/company\\\/teeptrakinternational\\\/\"]}]}<\/script>\n<!-- \/ Yoast SEO plugin. -->","yoast_head_json":{"title":"Calculadora de ROI - TEEPTRAK","description":"Calcula tu ROI: estima tus ahorros potenciales y ganancias de productividad con las soluciones OEE de TEEPTRAK.","robots":{"index":"index","follow":"follow","max-snippet":"max-snippet:-1","max-image-preview":"max-image-preview:large","max-video-preview":"max-video-preview:-1"},"canonical":"https:\/\/teeptrak.com\/es\/calcula-tu-roi\/","og_locale":"es_ES","og_type":"article","og_title":"Calculadora de ROI - TEEPTRAK","og_description":"Calcula tu ROI: estima tus ahorros potenciales y ganancias de productividad con las soluciones OEE de TEEPTRAK.","og_url":"https:\/\/teeptrak.com\/es\/calcula-tu-roi\/","og_site_name":"TEEPTRAK","article_modified_time":"2026-01-15T13:55:05+00:00","twitter_card":"summary_large_image","twitter_misc":{"Tiempo de lectura":"2 minutos"},"schema":{"@context":"https:\/\/schema.org","@graph":[{"@type":"WebPage","@id":"https:\/\/teeptrak.com\/es\/calcula-tu-roi\/","url":"https:\/\/teeptrak.com\/es\/calcula-tu-roi\/","name":"Calculadora de ROI - TEEPTRAK","isPartOf":{"@id":"https:\/\/teeptrak.com\/es\/#website"},"datePublished":"2023-03-31T12:00:22+00:00","dateModified":"2026-01-15T13:55:05+00:00","description":"Calcula tu ROI: estima tus ahorros potenciales y ganancias de productividad con las soluciones OEE de TEEPTRAK.","breadcrumb":{"@id":"https:\/\/teeptrak.com\/es\/calcula-tu-roi\/#breadcrumb"},"inLanguage":"es","potentialAction":[{"@type":"ReadAction","target":["https:\/\/teeptrak.com\/es\/calcula-tu-roi\/"]}]},{"@type":"BreadcrumbList","@id":"https:\/\/teeptrak.com\/es\/calcula-tu-roi\/#breadcrumb","itemListElement":[{"@type":"ListItem","position":1,"name":"Accueil","item":"https:\/\/teeptrak.com\/es\/"},{"@type":"ListItem","position":2,"name":"Calculadora de ROI"}]},{"@type":"WebSite","@id":"https:\/\/teeptrak.com\/es\/#website","url":"https:\/\/teeptrak.com\/es\/","name":"TEEPTRAK","description":"Optimisez votre potentiel industriel","publisher":{"@id":"https:\/\/teeptrak.com\/es\/#organization"},"potentialAction":[{"@type":"SearchAction","target":{"@type":"EntryPoint","urlTemplate":"https:\/\/teeptrak.com\/es\/?s={search_term_string}"},"query-input":{"@type":"PropertyValueSpecification","valueRequired":true,"valueName":"search_term_string"}}],"inLanguage":"es"},{"@type":"Organization","@id":"https:\/\/teeptrak.com\/es\/#organization","name":"TEEPTRAK","url":"https:\/\/teeptrak.com\/es\/","logo":{"@type":"ImageObject","inLanguage":"es","@id":"https:\/\/teeptrak.com\/es\/#\/schema\/logo\/image\/","url":"https:\/\/teeptrak.com\/wp-content\/uploads\/2023\/05\/cropped-Capture-decran-2023-05-04-112832.png","contentUrl":"https:\/\/teeptrak.com\/wp-content\/uploads\/2023\/05\/cropped-Capture-decran-2023-05-04-112832.png","width":512,"height":512,"caption":"TEEPTRAK"},"image":{"@id":"https:\/\/teeptrak.com\/es\/#\/schema\/logo\/image\/"},"sameAs":["https:\/\/www.linkedin.com\/company\/teeptrak\/","https:\/\/www.linkedin.com\/company\/teeptrakinternational\/"]}]}},"_links":{"self":[{"href":"https:\/\/teeptrak.com\/es\/wp-json\/wp\/v2\/pages\/31930","targetHints":{"allow":["GET"]}}],"collection":[{"href":"https:\/\/teeptrak.com\/es\/wp-json\/wp\/v2\/pages"}],"about":[{"href":"https:\/\/teeptrak.com\/es\/wp-json\/wp\/v2\/types\/page"}],"author":[{"embeddable":true,"href":"https:\/\/teeptrak.com\/es\/wp-json\/wp\/v2\/users\/1"}],"replies":[{"embeddable":true,"href":"https:\/\/teeptrak.com\/es\/wp-json\/wp\/v2\/comments?post=31930"}],"version-history":[{"count":24,"href":"https:\/\/teeptrak.com\/es\/wp-json\/wp\/v2\/pages\/31930\/revisions"}],"predecessor-version":[{"id":73216,"href":"https:\/\/teeptrak.com\/es\/wp-json\/wp\/v2\/pages\/31930\/revisions\/73216"}],"wp:attachment":[{"href":"https:\/\/teeptrak.com\/es\/wp-json\/wp\/v2\/media?parent=31930"}],"curies":[{"name":"wp","href":"https:\/\/api.w.org\/{rel}","templated":true}]}}