{"id":32825,"date":"2023-03-31T12:00:22","date_gmt":"2023-03-31T12:00:22","guid":{"rendered":"https:\/\/new.teeptrak.com\/trs-weissbuch\/"},"modified":"2026-02-10T00:15:37","modified_gmt":"2026-02-10T00:15:37","slug":"weissbuch-oee","status":"publish","type":"page","link":"https:\/\/teeptrak.com\/de\/weissbuch-oee\/","title":{"rendered":"Wei\u00dfbuch OEE"},"content":{"rendered":"<p>[et_pb_section fb_built=&#8220;1&#8243; module_class=&#8220;section-overlay-bottom&#8220; _builder_version=&#8220;4.27.2&#8243; _module_preset=&#8220;default&#8220; background_image=&#8220;https:\/\/teeptrak.com\/wp-content\/uploads\/2024\/06\/fond-reseaux_Reseau_Blanc_reverse.png&#8220; min_height_tablet=&#8220;960px&#8220; min_height_phone=&#8220;935px&#8220; min_height_last_edited=&#8220;on|tablet&#8220; custom_margin_tablet=&#8220;&#8220; custom_margin_phone=&#8220;||||false|false&#8220; custom_margin_last_edited=&#8220;on|phone&#8220; custom_padding=&#8220;||30px||false|false&#8220; global_colors_info=&#8220;{}&#8220;][et_pb_row module_class=&#8220;row-exhero&#8220; _builder_version=&#8220;4.27.0&#8243; _module_preset=&#8220;default&#8220; global_colors_info=&#8220;{}&#8220;][et_pb_column type=&#8220;4_4&#8243; _builder_version=&#8220;4.21.0&#8243; _module_preset=&#8220;default&#8220; global_colors_info=&#8220;{}&#8220;][et_pb_text _builder_version=&#8220;4.27.2&#8243; _module_preset=&#8220;default&#8220; text_font=&#8220;||||||||&#8220; header_font=&#8220;|300|||||||&#8220; header_font_size=&#8220;38px&#8220; header_2_font=&#8220;|600|||||||&#8220; header_2_font_size=&#8220;32px&#8220; custom_margin=&#8220;||0px||false|false&#8220; global_colors_info=&#8220;{}&#8220;]<\/p>\n<h1 style=\"text-align: right;\"><span style=\"color: #000000; font-size: 60-large;\">Wei\u00dfbuch<\/span><br \/>\n<span style=\"text-align: right; color: #000000; font-size: 32px; font-weight: 600;\">Alles \u00fcber OEE<\/span><\/h1>\n<p>[\/et_pb_text][et_pb_divider show_divider=&#8220;off&#8220; _builder_version=&#8220;4.27.0&#8243; _module_preset=&#8220;default&#8220; background_image=&#8220;https:\/\/teeptrak.com\/wp-content\/uploads\/2024\/12\/trait-teeptrak-clear.svg&#8220; width=&#8220;66%&#8220; module_alignment=&#8220;right&#8220; min_height=&#8220;8.8px&#8220; height=&#8220;11px&#8220; max_height=&#8220;100px&#8220; custom_padding=&#8220;0px||0px|||&#8220; global_colors_info=&#8220;{}&#8220;][\/et_pb_divider][et_pb_text _builder_version=&#8220;4.27.2&#8243; _module_preset=&#8220;default&#8220; header_3_font=&#8220;||||||||&#8220; custom_margin=&#8220;0px||||false|false&#8220; custom_padding=&#8220;8px||||false|false&#8220; global_colors_info=&#8220;{}&#8220;]<\/p>\n<h2 style=\"text-align: center; color: #e02b20; font-size: xx-large;\"><span style=\"color: #000000;\">Operative<\/span> Exzellenz<\/span><\/h2>\n<p>[\/et_pb_text][\/et_pb_column][\/et_pb_row][et_pb_row column_structure=&#8220;1_2,1_2&#8243; custom_padding_last_edited=&#8220;on|tablet&#8220; _builder_version=&#8220;4.27.0&#8243; _module_preset=&#8220;default&#8220; background_color=&#8220;#FFFFFF&#8220; width=&#8220;100%&#8220; width_tablet=&#8220;90%&#8220; width_phone=&#8220;90%&#8220; width_last_edited=&#8220;on|tablet&#8220; custom_margin=&#8220;45px||||false|false&#8220; custom_margin_tablet=&#8220;45px||||false|false&#8220; custom_margin_phone=&#8220;0px||||false|false&#8220; custom_margin_last_edited=&#8220;on|phone&#8220; custom_padding=&#8220;90px|50px|90px|50px|true|true&#8220; custom_padding_tablet=&#8220;40px|40px|40px|40px|true|true&#8220; custom_padding_phone=&#8220;20px|20px|20px|20px|true|true&#8220; border_radii=&#8220;on|25px|25px|25px|25px&#8220; box_shadow_style=&#8220;preset1&#8243; global_colors_info=&#8220;{}&#8220;][et_pb_column type=&#8220;1_2&#8243; _builder_version=&#8220;4.21.0&#8243; _module_preset=&#8220;default&#8220; global_colors_info=&#8220;{}&#8220;][et_pb_code _builder_version=&#8220;4.27.5&#8243; _module_preset=&#8220;default&#8220; hover_enabled=&#8220;0&#8243; sticky_enabled=&#8220;0&#8243;]    <div class=\"teeptrak-form-container \">\n        <h3 class=\"teeptrak-form-title\">Laden Sie das Whitepaper herunter<\/h3>        <p class=\"teeptrak-form-subtitle\">Geben Sie Ihre E-Mail-Adresse ein, um unser Whitepaper zu erhalten.<\/p>        \n        <form id=\"teeptrak-69d36ab4d0fb3\" class=\"teeptrak-form\" data-form-type=\"livre_blanc\">\n            <div style=\"position:absolute;left:-9999px;\"><input type=\"text\" name=\"website_url\" value=\"\" tabindex=\"-1\"><input type=\"text\" name=\"fax_number\" value=\"\" tabindex=\"-1\"><\/div>            \n            <div class=\"teeptrak-form-row\">                <div class=\"teeptrak-form-field\">\n                    <label>Wei\u00dfbuch <span class=\"required\">*<\/span><\/label>                    \n                                            <select name=\"livre_blanc\" required>\n                                                            <option value=\"\">W\u00e4hlen Sie ein Whitepaper aus<\/option>\n                                                            <option value=\"OEE-TRS\">OEE-TRS<\/option>\n                                                    <\/select>\n                                    <\/div>\n            <\/div><div class=\"teeptrak-form-row teeptrak-form-row-half\">                <div class=\"teeptrak-form-field\">\n                    <label>Vorname <span class=\"required\">*<\/span><\/label>                    \n                                            <input type=\"text\" name=\"first_name\" required placeholder=\"\">\n                                    <\/div>\n                            <div class=\"teeptrak-form-field\">\n                    <label>Name<\/label>                    \n                                            <input type=\"text\" name=\"last_name\"  placeholder=\"\">\n                                    <\/div>\n            <\/div><div class=\"teeptrak-form-row\">                <div class=\"teeptrak-form-field\">\n                    <label>E-Mail <span class=\"required\">*<\/span><\/label>                    \n                                            <input type=\"email\" name=\"email\" required placeholder=\"\">\n                                    <\/div>\n            <\/div><div class=\"teeptrak-form-row\">                <div class=\"teeptrak-form-field\">\n                    <label>Gesch\u00e4ft<\/label>                    \n                                            <input type=\"text\" name=\"company\"  placeholder=\"\">\n                                    <\/div>\n            <\/div>            \n            <input type=\"hidden\" name=\"page_url\" value=\"https:\/\/teeptrak.com\/de\/weissbuch-oee\/\">\n            <input type=\"hidden\" name=\"recaptcha_token\" value=\"\" class=\"teeptrak-recaptcha-token\">\n            \n                        \n            <div class=\"teeptrak-form-row\">\n                <button type=\"submit\" class=\"teeptrak-submit teeptrak-submit-full\">\n                    <span class=\"teeptrak-submit-text\">Erhalten Sie das Whitepaper<\/span>\n                    <span class=\"teeptrak-submit-loading\" style=\"display:none;\">Envoi...<\/span>\n                <\/button>\n            <\/div>\n            \n            <div class=\"teeptrak-form-message\" style=\"display:none;\"><\/div>\n        <\/form>\n    <\/div>\n    [\/et_pb_code][\/et_pb_column][et_pb_column type=&#8220;1_2&#8243; _builder_version=&#8220;4.21.0&#8243; _module_preset=&#8220;default&#8220; global_colors_info=&#8220;{}&#8220;][et_pb_image src=&#8220;https:\/\/teeptrak.com\/wp-content\/uploads\/2025\/02\/LB-illu_EN-1-12.svg&#8220; _builder_version=&#8220;4.27.4&#8243; _module_preset=&#8220;default&#8220; min_height_tablet=&#8220;145px&#8220; min_height_phone=&#8220;145px&#8220; min_height_last_edited=&#8220;on|tablet&#8220; module_alignment_tablet=&#8220;&#8220; module_alignment_phone=&#8220;&#8220; module_alignment_last_edited=&#8220;on|tablet&#8220; global_colors_info=&#8220;{}&#8220;][\/et_pb_image][\/et_pb_column][\/et_pb_row][\/et_pb_section][et_pb_section fb_built=&#8220;1&#8243; _builder_version=&#8220;4.27.0&#8243; _module_preset=&#8220;default&#8220; custom_margin=&#8220;0px||0px||false|false&#8220; custom_padding=&#8220;0px||0px||false|false&#8220; global_colors_info=&#8220;{}&#8220;][et_pb_row _builder_version=&#8220;4.27.0&#8243; _module_preset=&#8220;default&#8220; width_tablet=&#8220;100%&#8220; width_phone=&#8220;100%&#8220; width_last_edited=&#8220;on|tablet&#8220; custom_margin=&#8220;||||false|false&#8220; custom_margin_tablet=&#8220;||||false|false&#8220; custom_margin_phone=&#8220;0px||||false|false&#8220; custom_margin_last_edited=&#8220;on|phone&#8220; custom_padding=&#8220;0px||||false|false&#8220; global_colors_info=&#8220;{}&#8220;][et_pb_column type=&#8220;4_4&#8243; _builder_version=&#8220;4.21.0&#8243; _module_preset=&#8220;default&#8220; global_colors_info=&#8220;{}&#8220;][et_pb_text _builder_version=&#8220;4.27.2&#8243; _module_preset=&#8220;default&#8220; header_font=&#8220;|300|||||||&#8220; header_2_font=&#8220;|300|||||||&#8220; header_4_font=&#8220;|||on|||||&#8220; header_4_font_size=&#8220;12px&#8220; custom_margin=&#8220;||0px||false|false&#8220; custom_padding=&#8220;56px||0px||false|false&#8220; global_colors_info=&#8220;{}&#8220;]<\/p>\n<h2 style=\"text-align: center; color: #e02b20; font-size: large;\">Im Buch zu entdecken<\/h2>\n<h2 style=\"text-align: center; font-size: xx-large;\"><strong>Die wichtigsten <\/strong>behandelten Themen<\/h2>\n<p>[\/et_pb_text][et_pb_image src=&#8220;https:\/\/teeptrak.com\/wp-content\/uploads\/2025\/02\/LivreBlanc_desk_DE.svg&#8220; force_fullwidth=&#8220;on&#8220; src_tablet=&#8220;https:\/\/teeptrak.com\/wp-content\/uploads\/2025\/02\/LivreBlanc_desk_DE.svg&#8220; src_phone=&#8220;https:\/\/teeptrak.com\/wp-content\/uploads\/2025\/02\/LivreBlanc_mob_DE.svg&#8220; src_last_edited=&#8220;on|phone&#8220; _builder_version=&#8220;4.27.4&#8243; _module_preset=&#8220;default&#8220; width_tablet=&#8220;100%&#8220; width_phone=&#8220;100%&#8220; width_last_edited=&#8220;on|tablet&#8220; min_height_tablet=&#8220;&#8220; min_height_phone=&#8220;&#8220; min_height_last_edited=&#8220;on|phone&#8220; custom_margin=&#8220;0px|0px||0px|false|true&#8220; custom_padding=&#8220;0px|0px||0px|false|true&#8220; global_colors_info=&#8220;{}&#8220;][\/et_pb_image][\/et_pb_column][\/et_pb_row][\/et_pb_section][et_pb_section fb_built=&#8220;1&#8243; _builder_version=&#8220;4.21.0&#8243; _module_preset=&#8220;default&#8220; custom_margin=&#8220;47px||61px||false|false&#8220; custom_margin_tablet=&#8220;0px||-30px||false|false&#8220; custom_margin_phone=&#8220;0px||-30px||false|false&#8220; custom_margin_last_edited=&#8220;on|phone&#8220; custom_padding=&#8220;0px||0px||false|false&#8220; global_colors_info=&#8220;{}&#8220;][et_pb_row _builder_version=&#8220;4.21.0&#8243; _module_preset=&#8220;default&#8220; custom_margin=&#8220;0px||||false|false&#8220; global_colors_info=&#8220;{}&#8220;][et_pb_column type=&#8220;4_4&#8243; _builder_version=&#8220;4.21.0&#8243; _module_preset=&#8220;default&#8220; global_colors_info=&#8220;{}&#8220;][et_pb_text _builder_version=&#8220;4.21.0&#8243; _module_preset=&#8220;default&#8220; header_font=&#8220;|300|||||||&#8220; header_2_font=&#8220;|300|||||||&#8220; header_4_font=&#8220;|||on|||||&#8220; header_4_font_size=&#8220;12px&#8220; custom_margin=&#8220;||0px||false|false&#8220; custom_padding=&#8220;||16px|||&#8220; header_2_font_size_tablet=&#8220;&#8220; header_2_font_size_phone=&#8220;22px&#8220; header_2_font_size_last_edited=&#8220;on|phone&#8220; global_colors_info=&#8220;{}&#8220;]<\/p>\n<h2 style=\"text-align: right;\"><strong>Hat dich die Inhaltsangabe des Buches \u00fcber OEE neugierig gemacht?<\/strong><\/h2>\n<p>[\/et_pb_text][et_pb_button button_text=&#8220;Lade es herunter!&#8220; button_alignment=&#8220;right&#8220; _builder_version=&#8220;4.27.4&#8243; _module_preset=&#8220;09565089-881d-49fe-a413-1f19a25a841c&#8220; button_text_size=&#8220;20px&#8220; button_border_width=&#8220;0.2px&#8220; button_border_radius=&#8220;15px&#8220; button_icon=&#8220;&#x3a;||divi||400&#8243; button_on_hover=&#8220;off&#8220; custom_margin=&#8220;0px||||false|false&#8220; custom_padding=&#8220;0px|55px||55px|false|true&#8220; global_colors_info=&#8220;{}&#8220; button_text_color__hover_enabled=&#8220;on|hover&#8220; button_text_color__hover=&#8220;#FFFFFF&#8220; button_bg_color__hover_enabled=&#8220;on|hover&#8220; button_bg_color__hover=&#8220;#E02B20&#8243; button_bg_enable_color__hover=&#8220;on&#8220;][\/et_pb_button][\/et_pb_column][\/et_pb_row][\/et_pb_section][et_pb_section fb_built=&#8220;1&#8243; _builder_version=&#8220;4.25.2&#8243; _module_preset=&#8220;default&#8220; custom_margin=&#8220;||24px|||&#8220; custom_padding=&#8220;0px||49px|||&#8220; global_colors_info=&#8220;{}&#8220;][et_pb_row module_class=&#8220;row-testi&#8220; _builder_version=&#8220;4.27.0&#8243; _module_preset=&#8220;default&#8220; global_colors_info=&#8220;{}&#8220;][et_pb_column type=&#8220;4_4&#8243; _builder_version=&#8220;4.25.2&#8243; _module_preset=&#8220;default&#8220; global_colors_info=&#8220;{}&#8220;][et_pb_text content_tablet=&#8220;<\/p>\n<h5><span style=%22color: #e02b20;%22><em>\u00ab <\/em><\/span><\/h5>\n<h4><em>Die gef\u00e4hrlichsten Verschwendungen sind die, die du nicht erkennst. <\/em><strong><span style=%22color: #e02b20;%22>\u00bb<\/span><\/strong><\/h4>\n<h4>Shigeo Shingo<\/h4>\n<\/p>\n<p>&#8220; content_phone=&#8220;<\/p>\n<h4><em><span style=%22color: #ff0000;%22>\u201e<\/span>Die gef\u00e4hrlichsten Verschwendungen sind die, die man nicht erkennt<span style=%22color: #ff0000;%22>\u201c.<\/span><\/em><\/h4>\n<h4><strong>Shigeo Shingo<\/strong><\/h4>\n<\/p>\n<p>&#8220; content_last_edited=&#8220;on|phone&#8220; module_class=&#8220;hvr-grow&#8220; _builder_version=&#8220;4.25.2&#8243; _module_preset=&#8220;default&#8220; text_text_color=&#8220;#565656&#8243; header_text_color=&#8220;#494949&#8243; header_4_font=&#8220;|300|||||||&#8220; header_4_text_color=&#8220;#494949&#8243; header_4_font_size=&#8220;22px&#8220; header_5_font=&#8220;Alata||||||||&#8220; header_5_text_color=&#8220;#E02B20&#8243; header_5_font_size=&#8220;56px&#8220; width=&#8220;100%&#8220; custom_padding=&#8220;|||2px||&#8220; box_shadow_style=&#8220;preset1&#8243; global_colors_info=&#8220;{}&#8220;]<\/p>\n<h5 style=\"text-align: center;\"><span style=\"color: #e02b20;\"><em>\u00ab <\/em><\/span><\/h5>\n<h4 style=\"text-align: center;\"><strong><em>Die gef\u00e4hrlichsten Verschwendungen sind die, die du nicht erkennst. <\/em><\/strong><\/h4>\n<h4 style=\"text-align: center;\"><\/h4>\n<h4 style=\"text-align: center;\">Shigeo Shingo<\/h4>\n<p>&nbsp;<\/p>\n<p>[\/et_pb_text][et_pb_text content_tablet=&#8220;<\/p>\n<h5 style=%22text-align: right;%22><span style=%22color: #e02b20;%22><em>\u00ab <\/em><\/span><\/h5>\n<h4 style=%22text-align: right;%22><em><span>Was man nicht misst, kann man auch nicht verbessern<\/span>.<\/em><strong><span style=%22color: #e02b20;%22>\u201c<\/span><\/strong><\/h4>\n<h4 style=%22text-align: right;%22>Peter Drucker<\/h4>\n<\/p>\n<p>&#8220; content_phone=&#8220;<\/p>\n<h4 style=%22text-align: right;%22><em><span>\u201e<span style=%22color: #ff0000;%22>Was<\/span> man nicht misst, kann man nicht verbessern. <span style=%22color: #ff0000;%22>\u201c<\/span><\/span><\/em><\/h4>\n<h4 style=%22text-align: right;%22><strong>Peter Drucker<\/strong><\/h4>\n<\/p>\n<p>&#8220; content_last_edited=&#8220;on|phone&#8220; module_class=&#8220;hvr-grow&#8220; _builder_version=&#8220;4.25.2&#8243; _module_preset=&#8220;default&#8220; text_text_color=&#8220;#565656&#8243; header_text_color=&#8220;#494949&#8243; header_4_font=&#8220;|300|||||||&#8220; header_4_text_color=&#8220;#494949&#8243; header_4_font_size=&#8220;22px&#8220; header_5_font=&#8220;Alata||||||||&#8220; header_5_text_color=&#8220;#E02B20&#8243; header_5_font_size=&#8220;56px&#8220; width=&#8220;100%&#8220; custom_margin_tablet=&#8220;&#8220; custom_margin_phone=&#8220;||36px||false|false&#8220; custom_margin_last_edited=&#8220;on|phone&#8220; box_shadow_style=&#8220;preset1&#8243; global_colors_info=&#8220;{}&#8220;]<\/p>\n<h5 style=\"text-align: center;\"><span style=\"color: #e02b20;\"><em>\u00ab<\/em><\/span><\/h5>\n<h4 style=\"text-align: center;\"><em><strong>Was man nicht misst, kann man auch nicht verbessern.<\/strong> <\/em><\/h4>\n<h4 style=\"text-align: center;\"><\/h4>\n<h4 style=\"text-align: center;\">Peter Drucker<\/h4>\n<p>&nbsp;<\/p>\n<p style=\"text-align: center;\">\n<p>[\/et_pb_text][et_pb_text content_tablet=&#8220;<\/p>\n<h5 style=%22text-align: right;%22><span style=%22color: #e02b20;%22><em>\u00ab <\/em><\/span><\/h5>\n<h4 style=%22text-align: right;%22><em><span>Was man nicht misst, kann man auch nicht verbessern<\/span>.<\/em><strong><span style=%22color: #e02b20;%22>\u201c<\/span><\/strong><\/h4>\n<h4 style=%22text-align: right;%22>Peter Drucker<\/h4>\n<\/p>\n<p>&#8220; content_phone=&#8220;<\/p>\n<h4 style=%22text-align: right;%22><em><span>\u201e<span style=%22color: #ff0000;%22>Was<\/span> man nicht misst, kann man nicht verbessern. <span style=%22color: #ff0000;%22>\u201c<\/span><\/span><\/em><\/h4>\n<h4 style=%22text-align: right;%22><strong>Peter Drucker<\/strong><\/h4>\n<\/p>\n<p>&#8220; content_last_edited=&#8220;on|phone&#8220; module_class=&#8220;hvr-grow&#8220; _builder_version=&#8220;4.25.2&#8243; _module_preset=&#8220;default&#8220; text_text_color=&#8220;#565656&#8243; header_text_color=&#8220;#494949&#8243; header_4_font=&#8220;|300|||||||&#8220; header_4_text_color=&#8220;#494949&#8243; header_4_font_size=&#8220;22px&#8220; header_5_font=&#8220;Alata||||||||&#8220; header_5_text_color=&#8220;#E02B20&#8243; header_5_font_size=&#8220;56px&#8220; width=&#8220;100%&#8220; box_shadow_style=&#8220;preset1&#8243; global_colors_info=&#8220;{}&#8220;]<\/p>\n<h5 style=\"text-align: center;\"><span style=\"color: #e02b20;\"><em>\u00ab<\/em><\/span><\/h5>\n<h4 style=\"text-align: center;\"><em><strong>Wenn eine Ma\u00dfnahme zu einem Ziel wird, h\u00f6rt sie auf, eine gute Ma\u00dfnahme zu sein.<\/strong> <\/em><\/h4>\n<h4 style=\"text-align: center;\"><\/h4>\n<h4 style=\"text-align: center;\">Goodharts Gesetz<\/h4>\n<p>&nbsp;<\/p>\n<p>[\/et_pb_text][\/et_pb_column][\/et_pb_row][\/et_pb_section]<\/p>\n","protected":false},"excerpt":{"rendered":"<p>Laden Sie unser kostenloses Whitepaper \u00fcber TRS (OEE) herunter. Erfahren Sie, wie Sie Ihre industrielle Leistung verbessern und Ihre Anlagen effizient steuern k\u00f6nnen. <\/p>\n","protected":false},"author":7,"featured_media":0,"parent":0,"menu_order":0,"comment_status":"closed","ping_status":"closed","template":"","meta":{"_et_pb_use_builder":"on","_et_pb_old_content":"","_et_gb_content_width":"","footnotes":""},"class_list":["post-32825","page","type-page","status-publish","hentry"],"yoast_head":"<!-- This site is optimized with the Yoast SEO plugin v27.3 - https:\/\/yoast.com\/product\/yoast-seo-wordpress\/ -->\n<title>Wei\u00dfbuch OEE TEEPTRAK - Connect to your industrial potential<\/title>\n<meta name=\"description\" content=\"Wei\u00dfbuch OEE Download: Laden Sie unseren kostenlosen Leitfaden herunter und verbessern Sie Ihre Produktionsleistung.\" \/>\n<meta name=\"robots\" content=\"index, follow, max-snippet:-1, max-image-preview:large, max-video-preview:-1\" \/>\n<link rel=\"canonical\" href=\"https:\/\/teeptrak.com\/de\/weissbuch-oee\/\" \/>\n<meta property=\"og:locale\" content=\"de_DE\" \/>\n<meta property=\"og:type\" content=\"article\" \/>\n<meta property=\"og:title\" content=\"Wei\u00dfbuch OEE TEEPTRAK - Connect to your industrial potential\" \/>\n<meta property=\"og:description\" content=\"Wei\u00dfbuch OEE Download: Laden Sie unseren kostenlosen Leitfaden herunter und verbessern Sie Ihre Produktionsleistung.\" \/>\n<meta property=\"og:url\" content=\"https:\/\/teeptrak.com\/de\/weissbuch-oee\/\" \/>\n<meta property=\"og:site_name\" content=\"TEEPTRAK - Connect to your industrial potential\" \/>\n<meta property=\"article:modified_time\" content=\"2026-02-10T00:15:37+00:00\" \/>\n<meta name=\"twitter:card\" content=\"summary_large_image\" \/>\n<meta name=\"twitter:label1\" content=\"Gesch\u00e4tzte Lesezeit\" \/>\n\t<meta name=\"twitter:data1\" content=\"2\u00a0Minuten\" \/>\n<script type=\"application\/ld+json\" class=\"yoast-schema-graph\">{\"@context\":\"https:\\\/\\\/schema.org\",\"@graph\":[{\"@type\":\"WebPage\",\"@id\":\"https:\\\/\\\/teeptrak.com\\\/de\\\/weissbuch-oee\\\/\",\"url\":\"https:\\\/\\\/teeptrak.com\\\/de\\\/weissbuch-oee\\\/\",\"name\":\"Wei\u00dfbuch OEE TEEPTRAK - Connect to your industrial potential\",\"isPartOf\":{\"@id\":\"https:\\\/\\\/teeptrak.com\\\/de\\\/#website\"},\"datePublished\":\"2023-03-31T12:00:22+00:00\",\"dateModified\":\"2026-02-10T00:15:37+00:00\",\"description\":\"Wei\u00dfbuch OEE Download: Laden Sie unseren kostenlosen Leitfaden herunter und verbessern Sie Ihre Produktionsleistung.\",\"breadcrumb\":{\"@id\":\"https:\\\/\\\/teeptrak.com\\\/de\\\/weissbuch-oee\\\/#breadcrumb\"},\"inLanguage\":\"de\",\"potentialAction\":[{\"@type\":\"ReadAction\",\"target\":[\"https:\\\/\\\/teeptrak.com\\\/de\\\/weissbuch-oee\\\/\"]}]},{\"@type\":\"BreadcrumbList\",\"@id\":\"https:\\\/\\\/teeptrak.com\\\/de\\\/weissbuch-oee\\\/#breadcrumb\",\"itemListElement\":[{\"@type\":\"ListItem\",\"position\":1,\"name\":\"Accueil\",\"item\":\"https:\\\/\\\/teeptrak.com\\\/de\\\/\"},{\"@type\":\"ListItem\",\"position\":2,\"name\":\"Wei\u00dfbuch OEE\"}]},{\"@type\":\"WebSite\",\"@id\":\"https:\\\/\\\/teeptrak.com\\\/de\\\/#website\",\"url\":\"https:\\\/\\\/teeptrak.com\\\/de\\\/\",\"name\":\"TEEPTRAK\",\"description\":\"Optimisez votre potentiel industriel\",\"publisher\":{\"@id\":\"https:\\\/\\\/teeptrak.com\\\/de\\\/#organization\"},\"potentialAction\":[{\"@type\":\"SearchAction\",\"target\":{\"@type\":\"EntryPoint\",\"urlTemplate\":\"https:\\\/\\\/teeptrak.com\\\/de\\\/?s={search_term_string}\"},\"query-input\":{\"@type\":\"PropertyValueSpecification\",\"valueRequired\":true,\"valueName\":\"search_term_string\"}}],\"inLanguage\":\"de\"},{\"@type\":\"Organization\",\"@id\":\"https:\\\/\\\/teeptrak.com\\\/de\\\/#organization\",\"name\":\"TEEPTRAK\",\"url\":\"https:\\\/\\\/teeptrak.com\\\/de\\\/\",\"logo\":{\"@type\":\"ImageObject\",\"inLanguage\":\"de\",\"@id\":\"https:\\\/\\\/teeptrak.com\\\/de\\\/#\\\/schema\\\/logo\\\/image\\\/\",\"url\":\"https:\\\/\\\/teeptrak.com\\\/wp-content\\\/uploads\\\/2023\\\/05\\\/cropped-Capture-decran-2023-05-04-112832.png\",\"contentUrl\":\"https:\\\/\\\/teeptrak.com\\\/wp-content\\\/uploads\\\/2023\\\/05\\\/cropped-Capture-decran-2023-05-04-112832.png\",\"width\":512,\"height\":512,\"caption\":\"TEEPTRAK\"},\"image\":{\"@id\":\"https:\\\/\\\/teeptrak.com\\\/de\\\/#\\\/schema\\\/logo\\\/image\\\/\"},\"sameAs\":[\"https:\\\/\\\/www.linkedin.com\\\/company\\\/teeptrak\\\/\",\"https:\\\/\\\/www.linkedin.com\\\/company\\\/teeptrakinternational\\\/\"]}]}<\/script>\n<!-- \/ Yoast SEO plugin. -->","yoast_head_json":{"title":"Wei\u00dfbuch OEE TEEPTRAK - Connect to your industrial potential","description":"Wei\u00dfbuch OEE Download: Laden Sie unseren kostenlosen Leitfaden herunter und verbessern Sie Ihre Produktionsleistung.","robots":{"index":"index","follow":"follow","max-snippet":"max-snippet:-1","max-image-preview":"max-image-preview:large","max-video-preview":"max-video-preview:-1"},"canonical":"https:\/\/teeptrak.com\/de\/weissbuch-oee\/","og_locale":"de_DE","og_type":"article","og_title":"Wei\u00dfbuch OEE TEEPTRAK - Connect to your industrial potential","og_description":"Wei\u00dfbuch OEE Download: Laden Sie unseren kostenlosen Leitfaden herunter und verbessern Sie Ihre Produktionsleistung.","og_url":"https:\/\/teeptrak.com\/de\/weissbuch-oee\/","og_site_name":"TEEPTRAK - Connect to your industrial potential","article_modified_time":"2026-02-10T00:15:37+00:00","twitter_card":"summary_large_image","twitter_misc":{"Gesch\u00e4tzte Lesezeit":"2\u00a0Minuten"},"schema":{"@context":"https:\/\/schema.org","@graph":[{"@type":"WebPage","@id":"https:\/\/teeptrak.com\/de\/weissbuch-oee\/","url":"https:\/\/teeptrak.com\/de\/weissbuch-oee\/","name":"Wei\u00dfbuch OEE TEEPTRAK - Connect to your industrial potential","isPartOf":{"@id":"https:\/\/teeptrak.com\/de\/#website"},"datePublished":"2023-03-31T12:00:22+00:00","dateModified":"2026-02-10T00:15:37+00:00","description":"Wei\u00dfbuch OEE Download: Laden Sie unseren kostenlosen Leitfaden herunter und verbessern Sie Ihre Produktionsleistung.","breadcrumb":{"@id":"https:\/\/teeptrak.com\/de\/weissbuch-oee\/#breadcrumb"},"inLanguage":"de","potentialAction":[{"@type":"ReadAction","target":["https:\/\/teeptrak.com\/de\/weissbuch-oee\/"]}]},{"@type":"BreadcrumbList","@id":"https:\/\/teeptrak.com\/de\/weissbuch-oee\/#breadcrumb","itemListElement":[{"@type":"ListItem","position":1,"name":"Accueil","item":"https:\/\/teeptrak.com\/de\/"},{"@type":"ListItem","position":2,"name":"Wei\u00dfbuch OEE"}]},{"@type":"WebSite","@id":"https:\/\/teeptrak.com\/de\/#website","url":"https:\/\/teeptrak.com\/de\/","name":"TEEPTRAK","description":"Optimisez votre potentiel industriel","publisher":{"@id":"https:\/\/teeptrak.com\/de\/#organization"},"potentialAction":[{"@type":"SearchAction","target":{"@type":"EntryPoint","urlTemplate":"https:\/\/teeptrak.com\/de\/?s={search_term_string}"},"query-input":{"@type":"PropertyValueSpecification","valueRequired":true,"valueName":"search_term_string"}}],"inLanguage":"de"},{"@type":"Organization","@id":"https:\/\/teeptrak.com\/de\/#organization","name":"TEEPTRAK","url":"https:\/\/teeptrak.com\/de\/","logo":{"@type":"ImageObject","inLanguage":"de","@id":"https:\/\/teeptrak.com\/de\/#\/schema\/logo\/image\/","url":"https:\/\/teeptrak.com\/wp-content\/uploads\/2023\/05\/cropped-Capture-decran-2023-05-04-112832.png","contentUrl":"https:\/\/teeptrak.com\/wp-content\/uploads\/2023\/05\/cropped-Capture-decran-2023-05-04-112832.png","width":512,"height":512,"caption":"TEEPTRAK"},"image":{"@id":"https:\/\/teeptrak.com\/de\/#\/schema\/logo\/image\/"},"sameAs":["https:\/\/www.linkedin.com\/company\/teeptrak\/","https:\/\/www.linkedin.com\/company\/teeptrakinternational\/"]}]}},"_links":{"self":[{"href":"https:\/\/teeptrak.com\/de\/wp-json\/wp\/v2\/pages\/32825","targetHints":{"allow":["GET"]}}],"collection":[{"href":"https:\/\/teeptrak.com\/de\/wp-json\/wp\/v2\/pages"}],"about":[{"href":"https:\/\/teeptrak.com\/de\/wp-json\/wp\/v2\/types\/page"}],"author":[{"embeddable":true,"href":"https:\/\/teeptrak.com\/de\/wp-json\/wp\/v2\/users\/7"}],"replies":[{"embeddable":true,"href":"https:\/\/teeptrak.com\/de\/wp-json\/wp\/v2\/comments?post=32825"}],"version-history":[{"count":93,"href":"https:\/\/teeptrak.com\/de\/wp-json\/wp\/v2\/pages\/32825\/revisions"}],"predecessor-version":[{"id":74810,"href":"https:\/\/teeptrak.com\/de\/wp-json\/wp\/v2\/pages\/32825\/revisions\/74810"}],"wp:attachment":[{"href":"https:\/\/teeptrak.com\/de\/wp-json\/wp\/v2\/media?parent=32825"}],"curies":[{"name":"wp","href":"https:\/\/api.w.org\/{rel}","templated":true}]}}