{"id":32819,"date":"2024-05-14T08:48:06","date_gmt":"2024-05-14T08:48:06","guid":{"rendered":"https:\/\/new.teeptrak.com\/fallstudien\/"},"modified":"2026-02-10T00:57:03","modified_gmt":"2026-02-10T00:57:03","slug":"fallstudien","status":"publish","type":"page","link":"https:\/\/teeptrak.com\/de\/fallstudien\/","title":{"rendered":"Fallstudien"},"content":{"rendered":"<p>[et_pb_section fb_built=&#8220;1&#8243; module_class=&#8220;section-overlay-bottom&#8220; _builder_version=&#8220;4.27.2&#8243; _module_preset=&#8220;default&#8220; background_image=&#8220;https:\/\/teeptrak.com\/wp-content\/uploads\/2024\/06\/fond-reseaux_Reseau_Blanc_reverse.png&#8220; min_height_tablet=&#8220;&#8220; min_height_phone=&#8220;&#8220; min_height_last_edited=&#8220;on|desktop&#8220; custom_margin=&#8220;||||false|false&#8220; custom_margin_tablet=&#8220;&#8220; custom_margin_phone=&#8220;||||false|false&#8220; custom_margin_last_edited=&#8220;on|phone&#8220; custom_padding=&#8220;||2px|||&#8220; global_colors_info=&#8220;{}&#8220;][et_pb_row module_class=&#8220;row-exhero&#8220; _builder_version=&#8220;4.27.0&#8243; _module_preset=&#8220;default&#8220; global_colors_info=&#8220;{}&#8220;][et_pb_column type=&#8220;4_4&#8243; _builder_version=&#8220;4.21.0&#8243; _module_preset=&#8220;default&#8220; global_colors_info=&#8220;{}&#8220;][et_pb_text _builder_version=&#8220;4.27.2&#8243; _module_preset=&#8220;default&#8220; text_font=&#8220;||||||||&#8220; header_font=&#8220;|300|||||||&#8220; header_font_size=&#8220;38px&#8220; header_2_font=&#8220;|600|||||||&#8220; header_2_font_size=&#8220;32px&#8220; custom_margin=&#8220;||0px||false|false&#8220; global_colors_info=&#8220;{}&#8220;]<\/p>\n<p style=\"text-align: right;text-align: right; color: #000000; font-size: 38px; font-weight:300;line-height:50px;\">Fallstudien<\/span><\/p>\n<h1 style=\"text-align: right;\"><strong>Erfolgsgeschichten und Innovationen<\/strong><\/span><\/h1>\n<p>[\/et_pb_text][et_pb_divider show_divider=&#8220;off&#8220; _builder_version=&#8220;4.27.0&#8243; _module_preset=&#8220;default&#8220; background_image=&#8220;https:\/\/teeptrak.com\/wp-content\/uploads\/2024\/12\/trait-teeptrak-clear.svg&#8220; width=&#8220;65%&#8220; module_alignment=&#8220;right&#8220; min_height=&#8220;7.4px&#8220; height=&#8220;1px&#8220; max_height=&#8220;100px&#8220; custom_margin=&#8220;|-32px|10px|0px|false|false&#8220; custom_padding=&#8220;0px|0px|0px|0px|false|false&#8220; global_colors_info=&#8220;{}&#8220;][\/et_pb_divider][\/et_pb_column][\/et_pb_row][et_pb_row custom_padding_last_edited=&#8220;on|tablet&#8220; _builder_version=&#8220;4.21.0&#8243; _module_preset=&#8220;default&#8220; background_color=&#8220;#FFFFFF&#8220; width=&#8220;100%&#8220; width_tablet=&#8220;90%&#8220; width_phone=&#8220;90%&#8220; width_last_edited=&#8220;on|tablet&#8220; custom_margin=&#8220;45px||||false|false&#8220; custom_margin_tablet=&#8220;45px||||false|false&#8220; custom_margin_phone=&#8220;0px||||false|false&#8220; custom_margin_last_edited=&#8220;on|phone&#8220; custom_padding=&#8220;65px|92px|65px|92px|true|true&#8220; custom_padding_tablet=&#8220;40px|40px|40px|40px|true|true&#8220; custom_padding_phone=&#8220;20px|20px|20px|20px|true|true&#8220; border_radii=&#8220;on|25px|25px|25px|25px&#8220; box_shadow_style=&#8220;preset1&#8243; global_colors_info=&#8220;{}&#8220;][et_pb_column type=&#8220;4_4&#8243; _builder_version=&#8220;4.21.0&#8243; _module_preset=&#8220;default&#8220; global_colors_info=&#8220;{}&#8220;][et_pb_text _builder_version=&#8220;4.27.2&#8243; _module_preset=&#8220;default&#8220; text_font=&#8220;|300|||||||&#8220; text_line_height=&#8220;1.8em&#8220; header_2_font=&#8220;Roboto|300|||||||&#8220; header_2_text_color=&#8220;#E02B20&#8243; header_2_font_size=&#8220;28px&#8220; header_2_line_height=&#8220;1.3em&#8220; custom_padding=&#8220;|||7px||&#8220; text_font_size_tablet=&#8220;&#8220; text_font_size_phone=&#8220;14px&#8220; text_font_size_last_edited=&#8220;on|phone&#8220; header_2_font_size_tablet=&#8220;&#8220; header_2_font_size_phone=&#8220;22px&#8220; header_2_font_size_last_edited=&#8220;on|phone&#8220; global_colors_info=&#8220;{}&#8220;]<\/p>\n<h2><strong>Success<\/strong> Stories<\/h2>\n<p>&nbsp;<\/p>\n<h3 style=\"color: #000000; font-size: 28px; font-weight: 300 !important;\">Wie wir Herausforderungen in Siege umwandeln.<\/h3>\n<p>[\/et_pb_text][et_pb_text _builder_version=&#8220;4.27.0&#8243; _module_preset=&#8220;default&#8220; custom_margin=&#8220;||1px|||&#8220; custom_padding=&#8220;|0px|7px|0px||true&#8220; inline_fonts=&#8220;ABeeZee&#8220; global_colors_info=&#8220;{}&#8220;]<\/p>\n<p style=\"text-align: left;\"><span style=\"font-family: inherit; font-weight: normal; font-size: medium; color: #000000;\">Die Fallstudien, die du hier findest, veranschaulichen, wie wir Herausforderungen in Chancen verwandeln.<\/span><\/p>\n<p style=\"text-align: left;\"><span style=\"font-family: inherit; font-weight: normal; font-size: medium; color: #000000;\">Wir heben konkrete Beispiele hervor, in denen unsere L\u00f6sungen eine Schl\u00fcsselrolle beim Erfolg verschiedenster Projekte gespielt haben, und zeigen damit unsere F\u00e4higkeit, komplexe Herausforderungen zu meistern und greifbare Ergebnisse zu erzielen.<\/span><\/p>\n<p style=\"text-align: left;\"><span style=\"font-family: inherit; font-weight: normal; font-size: medium; color: #000000;\">Anhand einer Auswahl detaillierter Fallstudien laden wir dich dazu ein, zu erkunden, wie unsere Strategien und Ans\u00e4tze unseren Kunden geholfen haben, Hindernisse zu \u00fcberwinden, ihre Abl\u00e4ufe zu optimieren und ihre ehrgeizigen Ziele zu erreichen. Jede Fallstudie stellt eine einzigartige Geschichte dar, in der die angewandten Strategien, die erzielten Ergebnisse und die gelernten Lektionen hervorgehoben werden. <\/span><\/p>\n<p style=\"text-align: left;\"><span style=\"font-family: inherit; font-weight: normal; font-size: medium; color: #000000;\">Ob du ein Profi auf der Suche nach Inspiration oder ein potenzieller Partner bist, der neugierig darauf ist, wie wir zusammenarbeiten k\u00f6nnen, um Werte zu schaffen, diese Seite bietet dir einen wertvollen Einblick in unser Fachwissen und unsere Verpflichtung zu Spitzenleistungen.<\/span><\/p>\n<p style=\"text-align: left;\"><span style=\"font-family: inherit; font-weight: normal; font-size: medium; color: #000000;\">Erfahre, wie wir Herausforderungen in Erfolge umwandeln und wie TEEPTRAK dazu beitragen kann, deine eigene Erfolgsgeschichte zu schreiben.<\/span><\/p>\n<p>[\/et_pb_text][\/et_pb_column][\/et_pb_row][\/et_pb_section][et_pb_section fb_built=&#8220;1&#8243; _builder_version=&#8220;4.27.3&#8243; _module_preset=&#8220;default&#8220; custom_margin=&#8220;||24px|||&#8220; custom_padding=&#8220;0px||0px|||&#8220; global_colors_info=&#8220;{}&#8220;][et_pb_row module_class=&#8220;row-exhero&#8220; _builder_version=&#8220;4.27.4&#8243; _module_preset=&#8220;default&#8220; custom_margin=&#8220;50px|auto||auto||&#8220; global_colors_info=&#8220;{}&#8220;][et_pb_column type=&#8220;4_4&#8243; _builder_version=&#8220;4.21.0&#8243; _module_preset=&#8220;default&#8220; global_colors_info=&#8220;{}&#8220;][et_pb_text _builder_version=&#8220;4.27.4&#8243; _module_preset=&#8220;default&#8220; text_font=&#8220;||||||||&#8220; header_font=&#8220;|300|||||||&#8220; header_font_size=&#8220;38px&#8220; header_2_font=&#8220;|600|||||||&#8220; header_2_font_size=&#8220;32px&#8220; module_alignment=&#8220;left&#8220; custom_margin=&#8220;1px||0px||false|false&#8220; global_colors_info=&#8220;{}&#8220;]<\/p>\n<p style=\"color: #000000; font-size: 38px; font-weight: 300; line-height: 50px; text-align: left;\">Finden Sie<\/p>\n<h1 style=\"text-align: left;\"><strong>alle unsere Fallstudien<\/strong><\/h1>\n<p>[\/et_pb_text][et_pb_divider show_divider=&#8220;off&#8220; _builder_version=&#8220;4.27.4&#8243; _module_preset=&#8220;default&#8220; background_image=&#8220;https:\/\/teeptrak.com\/wp-content\/uploads\/2024\/12\/trait-teeptrak-clear.svg&#8220; width=&#8220;65%&#8220; module_alignment=&#8220;left&#8220; min_height=&#8220;7.4px&#8220; height=&#8220;1px&#8220; max_height=&#8220;100px&#8220; custom_margin=&#8220;|-32px|10px|0px|false|false&#8220; custom_padding=&#8220;0px|0px|0px|0px|false|false&#8220; global_colors_info=&#8220;{}&#8220;][\/et_pb_divider][\/et_pb_column][\/et_pb_row][et_pb_row admin_label=&#8220;Linie&#8220; _builder_version=&#8220;4.27.3&#8243; _module_preset=&#8220;default&#8220; global_colors_info=&#8220;{}&#8220;][et_pb_column type=&#8220;4_4&#8243; _builder_version=&#8220;4.27.3&#8243; _module_preset=&#8220;default&#8220; global_colors_info=&#8220;{}&#8220;][et_pb_text _builder_version=&#8220;4.27.4&#8243; _module_preset=&#8220;default&#8220; width=&#8220;54.7%&#8220; module_alignment=&#8220;center&#8220; custom_padding=&#8220;|0px||0px||true&#8220; global_colors_info=&#8220;{}&#8220;]<\/p>\n<p style=\"text-align: center;\"><span style=\"color: #262626;\">Erfahren Sie, wie TEEPTRAK mehreren Branchenf\u00fchrern geholfen hat, ihre Produktionsprozesse zu optimieren und ihre betriebliche Effizienz zu verbessern.<\/span><\/p>\n<p style=\"text-align: center;\"><span style=\"color: #262626;\">Geben Sie Ihre E-Mail-Adresse ein, um unsere ausf\u00fchrliche Fallstudie zu erhalten und in die innovativen L\u00f6sungen einzutauchen, die wir entwickelt haben, um Herausforderungen in Erfolg umzuwandeln.<\/span><\/p>\n<p>[\/et_pb_text][et_pb_code _builder_version=&#8220;4.27.5&#8243; _module_preset=&#8220;default&#8220; hover_enabled=&#8220;0&#8243; sticky_enabled=&#8220;0&#8243;]    <div class=\"teeptrak-form-container \">\n        <h3 class=\"teeptrak-form-title\">Fallstudie herunterladen<\/h3>                \n        <form id=\"teeptrak-69d3b9d26f1f6\" class=\"teeptrak-form\" data-form-type=\"case_study\">\n            <div style=\"position:absolute;left:-9999px;\"><input type=\"text\" name=\"website_url\" value=\"\" tabindex=\"-1\"><input type=\"text\" name=\"fax_number\" value=\"\" tabindex=\"-1\"><\/div>            \n            <div class=\"teeptrak-form-row\">                <div class=\"teeptrak-form-field\">\n                    <label>Fallstudie <span class=\"required\">*<\/span><\/label>                    \n                                            <select name=\"case_study\" required>\n                                                            <option value=\"\">W\u00e4hlen Sie eine Fallstudie aus<\/option>\n                                                            <option value=\"Perftrak\">Perftrak<\/option>\n                                                            <option value=\"Etude de cas Secteur Materiaux\">Etude de cas Secteur Materiaux<\/option>\n                                                            <option value=\"Etude de cas Secteur Electronique\">Etude de cas Secteur Electronique<\/option>\n                                                            <option value=\"Etude de cas Secteur Automobile\">Etude de cas Secteur Automobile<\/option>\n                                                            <option value=\"Etude de cas Secteur Agroalimentaire\">Etude de cas Secteur Agroalimentaire<\/option>\n                                                    <\/select>\n                                    <\/div>\n            <\/div><div class=\"teeptrak-form-row teeptrak-form-row-half\">                <div class=\"teeptrak-form-field\">\n                    <label>Vorname <span class=\"required\">*<\/span><\/label>                    \n                                            <input type=\"text\" name=\"first_name\" required placeholder=\"\">\n                                    <\/div>\n                            <div class=\"teeptrak-form-field\">\n                    <label>Name<\/label>                    \n                                            <input type=\"text\" name=\"last_name\"  placeholder=\"\">\n                                    <\/div>\n            <\/div><div class=\"teeptrak-form-row\">                <div class=\"teeptrak-form-field\">\n                    <label>E-Mail <span class=\"required\">*<\/span><\/label>                    \n                                            <input type=\"email\" name=\"email\" required placeholder=\"\">\n                                    <\/div>\n            <\/div><div class=\"teeptrak-form-row\">                <div class=\"teeptrak-form-field\">\n                    <label>Gesch\u00e4ft<\/label>                    \n                                            <input type=\"text\" name=\"company\"  placeholder=\"\">\n                                    <\/div>\n            <\/div>            \n            <input type=\"hidden\" name=\"page_url\" value=\"https:\/\/teeptrak.com\/de\/fallstudien\/\">\n            <input type=\"hidden\" name=\"recaptcha_token\" value=\"\" class=\"teeptrak-recaptcha-token\">\n            \n                        \n            <div class=\"teeptrak-form-row\">\n                <button type=\"submit\" class=\"teeptrak-submit teeptrak-submit-full\">\n                    <span class=\"teeptrak-submit-text\">Erhalten<\/span>\n                    <span class=\"teeptrak-submit-loading\" style=\"display:none;\">Envoi...<\/span>\n                <\/button>\n            <\/div>\n            \n            <div class=\"teeptrak-form-message\" style=\"display:none;\"><\/div>\n        <\/form>\n    <\/div>\n    [\/et_pb_code][\/et_pb_column][\/et_pb_row][et_pb_row _builder_version=&#8220;4.27.3&#8243; _module_preset=&#8220;default&#8220; global_colors_info=&#8220;{}&#8220;][et_pb_column type=&#8220;4_4&#8243; _builder_version=&#8220;4.27.3&#8243; _module_preset=&#8220;default&#8220; global_colors_info=&#8220;{}&#8220;][et_pb_image src=&#8220;https:\/\/teeptrak.com\/wp-content\/uploads\/2025\/03\/Etudedecas_DE1.jpg&#8220; alt=&#8220;Fallstudien&#8220; align=&#8220;center&#8220; _builder_version=&#8220;4.27.4&#8243; _module_preset=&#8220;default&#8220; global_colors_info=&#8220;{}&#8220;][\/et_pb_image][\/et_pb_column][\/et_pb_row][\/et_pb_section]<\/p>\n","protected":false},"excerpt":{"rendered":"<p>Erkunden Sie unsere Fallstudien aus der Industrie. Erfahren Sie anhand von konkreten Industrie 4.0-Projekten, wie TeepTrak den OEE und die Leistung verbessert. <\/p>\n","protected":false},"author":7,"featured_media":0,"parent":0,"menu_order":0,"comment_status":"closed","ping_status":"closed","template":"","meta":{"_et_pb_use_builder":"on","_et_pb_old_content":"","_et_gb_content_width":"","footnotes":""},"class_list":["post-32819","page","type-page","status-publish","hentry"],"yoast_head":"<!-- This site is optimized with the Yoast SEO plugin v27.3 - https:\/\/yoast.com\/product\/yoast-seo-wordpress\/ -->\n<title>Fallstudien - TEEPTRAK - Connect to your industrial potential<\/title>\n<meta name=\"description\" content=\"Fallstudien industrielle OEE: Entdecken Sie, wie unsere Kunden ihre Produktionsleistung mit TEEPTRAK verbessert haben.\" \/>\n<meta name=\"robots\" content=\"index, follow, max-snippet:-1, max-image-preview:large, max-video-preview:-1\" \/>\n<link rel=\"canonical\" href=\"https:\/\/teeptrak.com\/de\/fallstudien\/\" \/>\n<meta property=\"og:locale\" content=\"de_DE\" \/>\n<meta property=\"og:type\" content=\"article\" \/>\n<meta property=\"og:title\" content=\"Fallstudien - TEEPTRAK - Connect to your industrial potential\" \/>\n<meta property=\"og:description\" content=\"Fallstudien industrielle OEE: Entdecken Sie, wie unsere Kunden ihre Produktionsleistung mit TEEPTRAK verbessert haben.\" \/>\n<meta property=\"og:url\" content=\"https:\/\/teeptrak.com\/de\/fallstudien\/\" \/>\n<meta property=\"og:site_name\" content=\"TEEPTRAK - Connect to your industrial potential\" \/>\n<meta property=\"article:modified_time\" content=\"2026-02-10T00:57:03+00:00\" \/>\n<meta name=\"twitter:card\" content=\"summary_large_image\" \/>\n<meta name=\"twitter:label1\" content=\"Gesch\u00e4tzte Lesezeit\" \/>\n\t<meta name=\"twitter:data1\" content=\"2\u00a0Minuten\" \/>\n<script type=\"application\/ld+json\" class=\"yoast-schema-graph\">{\"@context\":\"https:\\\/\\\/schema.org\",\"@graph\":[{\"@type\":\"WebPage\",\"@id\":\"https:\\\/\\\/teeptrak.com\\\/de\\\/fallstudien\\\/\",\"url\":\"https:\\\/\\\/teeptrak.com\\\/de\\\/fallstudien\\\/\",\"name\":\"Fallstudien - TEEPTRAK - Connect to your industrial potential\",\"isPartOf\":{\"@id\":\"https:\\\/\\\/teeptrak.com\\\/de\\\/#website\"},\"datePublished\":\"2024-05-14T08:48:06+00:00\",\"dateModified\":\"2026-02-10T00:57:03+00:00\",\"description\":\"Fallstudien industrielle OEE: Entdecken Sie, wie unsere Kunden ihre Produktionsleistung mit TEEPTRAK verbessert haben.\",\"breadcrumb\":{\"@id\":\"https:\\\/\\\/teeptrak.com\\\/de\\\/fallstudien\\\/#breadcrumb\"},\"inLanguage\":\"de\",\"potentialAction\":[{\"@type\":\"ReadAction\",\"target\":[\"https:\\\/\\\/teeptrak.com\\\/de\\\/fallstudien\\\/\"]}]},{\"@type\":\"BreadcrumbList\",\"@id\":\"https:\\\/\\\/teeptrak.com\\\/de\\\/fallstudien\\\/#breadcrumb\",\"itemListElement\":[{\"@type\":\"ListItem\",\"position\":1,\"name\":\"Accueil\",\"item\":\"https:\\\/\\\/teeptrak.com\\\/de\\\/\"},{\"@type\":\"ListItem\",\"position\":2,\"name\":\"Fallstudien\"}]},{\"@type\":\"WebSite\",\"@id\":\"https:\\\/\\\/teeptrak.com\\\/de\\\/#website\",\"url\":\"https:\\\/\\\/teeptrak.com\\\/de\\\/\",\"name\":\"TEEPTRAK\",\"description\":\"Optimisez votre potentiel industriel\",\"publisher\":{\"@id\":\"https:\\\/\\\/teeptrak.com\\\/de\\\/#organization\"},\"potentialAction\":[{\"@type\":\"SearchAction\",\"target\":{\"@type\":\"EntryPoint\",\"urlTemplate\":\"https:\\\/\\\/teeptrak.com\\\/de\\\/?s={search_term_string}\"},\"query-input\":{\"@type\":\"PropertyValueSpecification\",\"valueRequired\":true,\"valueName\":\"search_term_string\"}}],\"inLanguage\":\"de\"},{\"@type\":\"Organization\",\"@id\":\"https:\\\/\\\/teeptrak.com\\\/de\\\/#organization\",\"name\":\"TEEPTRAK\",\"url\":\"https:\\\/\\\/teeptrak.com\\\/de\\\/\",\"logo\":{\"@type\":\"ImageObject\",\"inLanguage\":\"de\",\"@id\":\"https:\\\/\\\/teeptrak.com\\\/de\\\/#\\\/schema\\\/logo\\\/image\\\/\",\"url\":\"https:\\\/\\\/teeptrak.com\\\/wp-content\\\/uploads\\\/2023\\\/05\\\/cropped-Capture-decran-2023-05-04-112832.png\",\"contentUrl\":\"https:\\\/\\\/teeptrak.com\\\/wp-content\\\/uploads\\\/2023\\\/05\\\/cropped-Capture-decran-2023-05-04-112832.png\",\"width\":512,\"height\":512,\"caption\":\"TEEPTRAK\"},\"image\":{\"@id\":\"https:\\\/\\\/teeptrak.com\\\/de\\\/#\\\/schema\\\/logo\\\/image\\\/\"},\"sameAs\":[\"https:\\\/\\\/www.linkedin.com\\\/company\\\/teeptrak\\\/\",\"https:\\\/\\\/www.linkedin.com\\\/company\\\/teeptrakinternational\\\/\"]}]}<\/script>\n<!-- \/ Yoast SEO plugin. -->","yoast_head_json":{"title":"Fallstudien - TEEPTRAK - Connect to your industrial potential","description":"Fallstudien industrielle OEE: Entdecken Sie, wie unsere Kunden ihre Produktionsleistung mit TEEPTRAK verbessert haben.","robots":{"index":"index","follow":"follow","max-snippet":"max-snippet:-1","max-image-preview":"max-image-preview:large","max-video-preview":"max-video-preview:-1"},"canonical":"https:\/\/teeptrak.com\/de\/fallstudien\/","og_locale":"de_DE","og_type":"article","og_title":"Fallstudien - TEEPTRAK - Connect to your industrial potential","og_description":"Fallstudien industrielle OEE: Entdecken Sie, wie unsere Kunden ihre Produktionsleistung mit TEEPTRAK verbessert haben.","og_url":"https:\/\/teeptrak.com\/de\/fallstudien\/","og_site_name":"TEEPTRAK - Connect to your industrial potential","article_modified_time":"2026-02-10T00:57:03+00:00","twitter_card":"summary_large_image","twitter_misc":{"Gesch\u00e4tzte Lesezeit":"2\u00a0Minuten"},"schema":{"@context":"https:\/\/schema.org","@graph":[{"@type":"WebPage","@id":"https:\/\/teeptrak.com\/de\/fallstudien\/","url":"https:\/\/teeptrak.com\/de\/fallstudien\/","name":"Fallstudien - TEEPTRAK - Connect to your industrial potential","isPartOf":{"@id":"https:\/\/teeptrak.com\/de\/#website"},"datePublished":"2024-05-14T08:48:06+00:00","dateModified":"2026-02-10T00:57:03+00:00","description":"Fallstudien industrielle OEE: Entdecken Sie, wie unsere Kunden ihre Produktionsleistung mit TEEPTRAK verbessert haben.","breadcrumb":{"@id":"https:\/\/teeptrak.com\/de\/fallstudien\/#breadcrumb"},"inLanguage":"de","potentialAction":[{"@type":"ReadAction","target":["https:\/\/teeptrak.com\/de\/fallstudien\/"]}]},{"@type":"BreadcrumbList","@id":"https:\/\/teeptrak.com\/de\/fallstudien\/#breadcrumb","itemListElement":[{"@type":"ListItem","position":1,"name":"Accueil","item":"https:\/\/teeptrak.com\/de\/"},{"@type":"ListItem","position":2,"name":"Fallstudien"}]},{"@type":"WebSite","@id":"https:\/\/teeptrak.com\/de\/#website","url":"https:\/\/teeptrak.com\/de\/","name":"TEEPTRAK","description":"Optimisez votre potentiel industriel","publisher":{"@id":"https:\/\/teeptrak.com\/de\/#organization"},"potentialAction":[{"@type":"SearchAction","target":{"@type":"EntryPoint","urlTemplate":"https:\/\/teeptrak.com\/de\/?s={search_term_string}"},"query-input":{"@type":"PropertyValueSpecification","valueRequired":true,"valueName":"search_term_string"}}],"inLanguage":"de"},{"@type":"Organization","@id":"https:\/\/teeptrak.com\/de\/#organization","name":"TEEPTRAK","url":"https:\/\/teeptrak.com\/de\/","logo":{"@type":"ImageObject","inLanguage":"de","@id":"https:\/\/teeptrak.com\/de\/#\/schema\/logo\/image\/","url":"https:\/\/teeptrak.com\/wp-content\/uploads\/2023\/05\/cropped-Capture-decran-2023-05-04-112832.png","contentUrl":"https:\/\/teeptrak.com\/wp-content\/uploads\/2023\/05\/cropped-Capture-decran-2023-05-04-112832.png","width":512,"height":512,"caption":"TEEPTRAK"},"image":{"@id":"https:\/\/teeptrak.com\/de\/#\/schema\/logo\/image\/"},"sameAs":["https:\/\/www.linkedin.com\/company\/teeptrak\/","https:\/\/www.linkedin.com\/company\/teeptrakinternational\/"]}]}},"_links":{"self":[{"href":"https:\/\/teeptrak.com\/de\/wp-json\/wp\/v2\/pages\/32819","targetHints":{"allow":["GET"]}}],"collection":[{"href":"https:\/\/teeptrak.com\/de\/wp-json\/wp\/v2\/pages"}],"about":[{"href":"https:\/\/teeptrak.com\/de\/wp-json\/wp\/v2\/types\/page"}],"author":[{"embeddable":true,"href":"https:\/\/teeptrak.com\/de\/wp-json\/wp\/v2\/users\/7"}],"replies":[{"embeddable":true,"href":"https:\/\/teeptrak.com\/de\/wp-json\/wp\/v2\/comments?post=32819"}],"version-history":[{"count":22,"href":"https:\/\/teeptrak.com\/de\/wp-json\/wp\/v2\/pages\/32819\/revisions"}],"predecessor-version":[{"id":74843,"href":"https:\/\/teeptrak.com\/de\/wp-json\/wp\/v2\/pages\/32819\/revisions\/74843"}],"wp:attachment":[{"href":"https:\/\/teeptrak.com\/de\/wp-json\/wp\/v2\/media?parent=32819"}],"curies":[{"name":"wp","href":"https:\/\/api.w.org\/{rel}","templated":true}]}}