{"id":32813,"date":"2023-06-14T10:08:19","date_gmt":"2023-06-14T10:08:19","guid":{"rendered":"https:\/\/new.teeptrak.com\/kontakt-partner-werden\/"},"modified":"2026-03-19T11:11:31","modified_gmt":"2026-03-19T11:11:31","slug":"contact-partners","status":"publish","type":"page","link":"https:\/\/teeptrak.com\/de\/contact-partners\/","title":{"rendered":"Kontakt &#8211; Partner werden"},"content":{"rendered":"<p>[et_pb_section fb_built=&#8220;1&#8243; _builder_version=&#8220;4.21.0&#8243; _module_preset=&#8220;default&#8220; use_background_color_gradient=&#8220;on&#8220; background_color_gradient_direction=&#8220;11deg&#8220; background_color_gradient_stops=&#8220;#e02b20 26%|#000000 81%&#8220; global_colors_info=&#8220;{}&#8220;][et_pb_row _builder_version=&#8220;4.21.0&#8243; _module_preset=&#8220;default&#8220; module_alignment_tablet=&#8220;&#8220; module_alignment_phone=&#8220;center&#8220; module_alignment_last_edited=&#8220;on|phone&#8220; global_colors_info=&#8220;{}&#8220;][et_pb_column type=&#8220;4_4&#8243; _builder_version=&#8220;4.21.0&#8243; _module_preset=&#8220;default&#8220; global_colors_info=&#8220;{}&#8220;][et_pb_text _builder_version=&#8220;4.21.0&#8243; _module_preset=&#8220;default&#8220; header_2_font=&#8220;|300|||||||&#8220; header_2_font_size=&#8220;38px&#8220; header_4_font=&#8220;|||on|||||&#8220; header_4_font_size=&#8220;12px&#8220; module_alignment=&#8220;right&#8220; global_colors_info=&#8220;{}&#8220;]<\/p>\n<h4 style=\"text-align: right;\"><span style=\"color: #ffffff;\">KONTAKTAUFNAHME<\/span><\/h4>\n<h2 style=\"text-align: right;\"><span style=\"color: #ffffff;\">Partner <strong>werden<\/strong><\/span><\/h2>\n<p>[\/et_pb_text][et_pb_image src=&#8220;https:\/\/teeptrak.com\/wp-content\/uploads\/2023\/05\/trait-blanc-12.svg&#8220; title_text=&#8220;trait blanc-12&#8243; _builder_version=&#8220;4.21.0&#8243; _module_preset=&#8220;default&#8220; width=&#8220;50%&#8220; module_alignment=&#8220;right&#8220; min_height=&#8220;0px&#8220; global_colors_info=&#8220;{}&#8220;][\/et_pb_image][\/et_pb_column][\/et_pb_row][et_pb_row _builder_version=&#8220;4.21.0&#8243; _module_preset=&#8220;default&#8220; background_color=&#8220;#FFFFFF&#8220; width=&#8220;66%&#8220; width_tablet=&#8220;60%&#8220; width_phone=&#8220;90%&#8220; width_last_edited=&#8220;on|desktop&#8220; custom_margin=&#8220;38px|auto||auto||&#8220; custom_padding=&#8220;50px|40px|60px|40px|false|true&#8220; border_radii=&#8220;on|20px|20px|20px|20px&#8220; box_shadow_style=&#8220;preset1&#8243; global_colors_info=&#8220;{}&#8220;][et_pb_column type=&#8220;4_4&#8243; _builder_version=&#8220;4.21.0&#8243; _module_preset=&#8220;default&#8220; global_colors_info=&#8220;{}&#8220;][et_pb_text _builder_version=&#8220;4.21.0&#8243; _module_preset=&#8220;default&#8220; header_2_font=&#8220;|300|||||||&#8220; header_2_text_color=&#8220;#000000&#8243; header_4_font=&#8220;|||on|||||&#8220; header_4_text_color=&#8220;#E02B20&#8243; header_4_font_size=&#8220;14px&#8220; global_colors_info=&#8220;{}&#8220;]<\/p>\n<h4>KONTAKTAUFNAHME<\/h4>\n<h2>M\u00f6chtest du <strong>Partner werden?<\/strong><\/h2>\n<p>[\/et_pb_text][et_pb_image src=&#8220;https:\/\/teeptrak.com\/wp-content\/uploads\/2024\/12\/trait-teeptrak-clear.svg&#8220; title_text=&#8220;TRAIT PR LA MECHANTE AURIANE-12-12&#8243; _builder_version=&#8220;4.21.0&#8243; _module_preset=&#8220;default&#8220; width=&#8220;45%&#8220; global_colors_info=&#8220;{}&#8220;][\/et_pb_image][et_pb_code _builder_version=&#8220;4.21.0&#8243; _module_preset=&#8220;default&#8220; box_shadow_style=&#8220;preset1&#8243; box_shadow_spread=&#8220;-13px&#8220; global_colors_info=&#8220;{}&#8220;]<h3>Diese Terminart ist leider nicht verf\u00fcgbar, bitte versuchen Sie es sp\u00e4ter erneut<\/h3>[\/et_pb_code][et_pb_code raw_content_tablet=&#8220;&#8220; raw_content_phone=&#8220;<lottie-player src=%22https:\/\/teeptrak.com\/wp-content\/uploads\/2023\/06\/fEH8rqtFPb.json%22 background=%22transparent%22 speed=%221%22 style=%22width: 300px; height: 300px;%22 loop autoplay><\/lottie-player>&#8220; raw_content_last_edited=&#8220;on|phone&#8220; disabled_on=&#8220;on|on|on&#8220; _builder_version=&#8220;4.21.0&#8243; _module_preset=&#8220;default&#8220; text_orientation=&#8220;center&#8220; custom_margin_tablet=&#8220;&#8220; custom_margin_phone=&#8220;||-76px||false|false&#8220; custom_margin_last_edited=&#8220;on|phone&#8220; module_alignment_tablet=&#8220;&#8220; module_alignment_phone=&#8220;&#8220; module_alignment_last_edited=&#8220;on|desktop&#8220; disabled=&#8220;on&#8220; global_colors_info=&#8220;{}&#8220;]<lottie-player src=\"https:\/\/teeptrak.com\/wp-content\/uploads\/2023\/06\/fEH8rqtFPb.json\" background=\"transparent\" speed=\"1\" style=\"width: 300px; height: 300px;\" loop=\"\" autoplay=\"\"><\/lottie-player>[\/et_pb_code][et_pb_code _builder_version=&#8220;4.21.0&#8243; _module_preset=&#8220;default&#8220; global_colors_info=&#8220;{}&#8220;][\/et_pb_code][\/et_pb_column][\/et_pb_row][\/et_pb_section]<\/p>\n","protected":false},"excerpt":{"rendered":"<p>KONTAKTAUFNAHME Partner werdenKONTAKTAUFNAHME M\u00f6chtest du Partner werden?<h3>Diese Terminart ist leider nicht verf\u00fcgbar, bitte versuchen Sie es sp\u00e4ter erneut<\/h3><\/p>\n","protected":false},"author":1,"featured_media":0,"parent":0,"menu_order":0,"comment_status":"closed","ping_status":"closed","template":"","meta":{"_et_pb_use_builder":"on","_et_pb_old_content":"","_et_gb_content_width":"","footnotes":""},"class_list":["post-32813","page","type-page","status-publish","hentry"],"yoast_head":"<!-- This site is optimized with the Yoast SEO plugin v27.3 - https:\/\/yoast.com\/product\/yoast-seo-wordpress\/ -->\n<title>Kontakt - Partner werden - TEEPTRAK - Connect to your industrial potential<\/title>\n<meta name=\"robots\" content=\"index, follow, max-snippet:-1, max-image-preview:large, max-video-preview:-1\" \/>\n<link rel=\"canonical\" href=\"https:\/\/teeptrak.com\/de\/contact-partners\/\" \/>\n<meta property=\"og:locale\" content=\"de_DE\" \/>\n<meta property=\"og:type\" content=\"article\" \/>\n<meta property=\"og:title\" content=\"Kontakt - Partner werden - TEEPTRAK - Connect to your industrial potential\" \/>\n<meta property=\"og:url\" content=\"https:\/\/teeptrak.com\/de\/contact-partners\/\" \/>\n<meta property=\"og:site_name\" content=\"TEEPTRAK - Connect to your industrial potential\" \/>\n<meta property=\"article:modified_time\" content=\"2026-03-19T11:11:31+00:00\" \/>\n<meta name=\"twitter:card\" content=\"summary_large_image\" \/>\n<meta name=\"twitter:label1\" content=\"Gesch\u00e4tzte Lesezeit\" \/>\n\t<meta name=\"twitter:data1\" content=\"2\u00a0Minuten\" \/>\n<script type=\"application\/ld+json\" class=\"yoast-schema-graph\">{\"@context\":\"https:\\\/\\\/schema.org\",\"@graph\":[{\"@type\":\"WebPage\",\"@id\":\"https:\\\/\\\/teeptrak.com\\\/de\\\/contact-partners\\\/\",\"url\":\"https:\\\/\\\/teeptrak.com\\\/de\\\/contact-partners\\\/\",\"name\":\"Kontakt - Partner werden - TEEPTRAK - Connect to your industrial potential\",\"isPartOf\":{\"@id\":\"https:\\\/\\\/teeptrak.com\\\/de\\\/#website\"},\"datePublished\":\"2023-06-14T10:08:19+00:00\",\"dateModified\":\"2026-03-19T11:11:31+00:00\",\"breadcrumb\":{\"@id\":\"https:\\\/\\\/teeptrak.com\\\/de\\\/contact-partners\\\/#breadcrumb\"},\"inLanguage\":\"de\",\"potentialAction\":[{\"@type\":\"ReadAction\",\"target\":[\"https:\\\/\\\/teeptrak.com\\\/de\\\/contact-partners\\\/\"]}]},{\"@type\":\"BreadcrumbList\",\"@id\":\"https:\\\/\\\/teeptrak.com\\\/de\\\/contact-partners\\\/#breadcrumb\",\"itemListElement\":[{\"@type\":\"ListItem\",\"position\":1,\"name\":\"Accueil\",\"item\":\"https:\\\/\\\/teeptrak.com\\\/de\\\/\"},{\"@type\":\"ListItem\",\"position\":2,\"name\":\"Kontakt &#8211; Partner werden\"}]},{\"@type\":\"WebSite\",\"@id\":\"https:\\\/\\\/teeptrak.com\\\/de\\\/#website\",\"url\":\"https:\\\/\\\/teeptrak.com\\\/de\\\/\",\"name\":\"TEEPTRAK\",\"description\":\"Optimisez votre potentiel industriel\",\"publisher\":{\"@id\":\"https:\\\/\\\/teeptrak.com\\\/de\\\/#organization\"},\"potentialAction\":[{\"@type\":\"SearchAction\",\"target\":{\"@type\":\"EntryPoint\",\"urlTemplate\":\"https:\\\/\\\/teeptrak.com\\\/de\\\/?s={search_term_string}\"},\"query-input\":{\"@type\":\"PropertyValueSpecification\",\"valueRequired\":true,\"valueName\":\"search_term_string\"}}],\"inLanguage\":\"de\"},{\"@type\":\"Organization\",\"@id\":\"https:\\\/\\\/teeptrak.com\\\/de\\\/#organization\",\"name\":\"TEEPTRAK\",\"url\":\"https:\\\/\\\/teeptrak.com\\\/de\\\/\",\"logo\":{\"@type\":\"ImageObject\",\"inLanguage\":\"de\",\"@id\":\"https:\\\/\\\/teeptrak.com\\\/de\\\/#\\\/schema\\\/logo\\\/image\\\/\",\"url\":\"https:\\\/\\\/teeptrak.com\\\/wp-content\\\/uploads\\\/2023\\\/05\\\/cropped-Capture-decran-2023-05-04-112832.png\",\"contentUrl\":\"https:\\\/\\\/teeptrak.com\\\/wp-content\\\/uploads\\\/2023\\\/05\\\/cropped-Capture-decran-2023-05-04-112832.png\",\"width\":512,\"height\":512,\"caption\":\"TEEPTRAK\"},\"image\":{\"@id\":\"https:\\\/\\\/teeptrak.com\\\/de\\\/#\\\/schema\\\/logo\\\/image\\\/\"},\"sameAs\":[\"https:\\\/\\\/www.linkedin.com\\\/company\\\/teeptrak\\\/\",\"https:\\\/\\\/www.linkedin.com\\\/company\\\/teeptrakinternational\\\/\"]}]}<\/script>\n<!-- \/ Yoast SEO plugin. -->","yoast_head_json":{"title":"Kontakt - Partner werden - TEEPTRAK - Connect to your industrial potential","robots":{"index":"index","follow":"follow","max-snippet":"max-snippet:-1","max-image-preview":"max-image-preview:large","max-video-preview":"max-video-preview:-1"},"canonical":"https:\/\/teeptrak.com\/de\/contact-partners\/","og_locale":"de_DE","og_type":"article","og_title":"Kontakt - Partner werden - TEEPTRAK - Connect to your industrial potential","og_url":"https:\/\/teeptrak.com\/de\/contact-partners\/","og_site_name":"TEEPTRAK - Connect to your industrial potential","article_modified_time":"2026-03-19T11:11:31+00:00","twitter_card":"summary_large_image","twitter_misc":{"Gesch\u00e4tzte Lesezeit":"2\u00a0Minuten"},"schema":{"@context":"https:\/\/schema.org","@graph":[{"@type":"WebPage","@id":"https:\/\/teeptrak.com\/de\/contact-partners\/","url":"https:\/\/teeptrak.com\/de\/contact-partners\/","name":"Kontakt - Partner werden - TEEPTRAK - Connect to your industrial potential","isPartOf":{"@id":"https:\/\/teeptrak.com\/de\/#website"},"datePublished":"2023-06-14T10:08:19+00:00","dateModified":"2026-03-19T11:11:31+00:00","breadcrumb":{"@id":"https:\/\/teeptrak.com\/de\/contact-partners\/#breadcrumb"},"inLanguage":"de","potentialAction":[{"@type":"ReadAction","target":["https:\/\/teeptrak.com\/de\/contact-partners\/"]}]},{"@type":"BreadcrumbList","@id":"https:\/\/teeptrak.com\/de\/contact-partners\/#breadcrumb","itemListElement":[{"@type":"ListItem","position":1,"name":"Accueil","item":"https:\/\/teeptrak.com\/de\/"},{"@type":"ListItem","position":2,"name":"Kontakt &#8211; Partner werden"}]},{"@type":"WebSite","@id":"https:\/\/teeptrak.com\/de\/#website","url":"https:\/\/teeptrak.com\/de\/","name":"TEEPTRAK","description":"Optimisez votre potentiel industriel","publisher":{"@id":"https:\/\/teeptrak.com\/de\/#organization"},"potentialAction":[{"@type":"SearchAction","target":{"@type":"EntryPoint","urlTemplate":"https:\/\/teeptrak.com\/de\/?s={search_term_string}"},"query-input":{"@type":"PropertyValueSpecification","valueRequired":true,"valueName":"search_term_string"}}],"inLanguage":"de"},{"@type":"Organization","@id":"https:\/\/teeptrak.com\/de\/#organization","name":"TEEPTRAK","url":"https:\/\/teeptrak.com\/de\/","logo":{"@type":"ImageObject","inLanguage":"de","@id":"https:\/\/teeptrak.com\/de\/#\/schema\/logo\/image\/","url":"https:\/\/teeptrak.com\/wp-content\/uploads\/2023\/05\/cropped-Capture-decran-2023-05-04-112832.png","contentUrl":"https:\/\/teeptrak.com\/wp-content\/uploads\/2023\/05\/cropped-Capture-decran-2023-05-04-112832.png","width":512,"height":512,"caption":"TEEPTRAK"},"image":{"@id":"https:\/\/teeptrak.com\/de\/#\/schema\/logo\/image\/"},"sameAs":["https:\/\/www.linkedin.com\/company\/teeptrak\/","https:\/\/www.linkedin.com\/company\/teeptrakinternational\/"]}]}},"_links":{"self":[{"href":"https:\/\/teeptrak.com\/de\/wp-json\/wp\/v2\/pages\/32813","targetHints":{"allow":["GET"]}}],"collection":[{"href":"https:\/\/teeptrak.com\/de\/wp-json\/wp\/v2\/pages"}],"about":[{"href":"https:\/\/teeptrak.com\/de\/wp-json\/wp\/v2\/types\/page"}],"author":[{"embeddable":true,"href":"https:\/\/teeptrak.com\/de\/wp-json\/wp\/v2\/users\/1"}],"replies":[{"embeddable":true,"href":"https:\/\/teeptrak.com\/de\/wp-json\/wp\/v2\/comments?post=32813"}],"version-history":[{"count":8,"href":"https:\/\/teeptrak.com\/de\/wp-json\/wp\/v2\/pages\/32813\/revisions"}],"predecessor-version":[{"id":81962,"href":"https:\/\/teeptrak.com\/de\/wp-json\/wp\/v2\/pages\/32813\/revisions\/81962"}],"wp:attachment":[{"href":"https:\/\/teeptrak.com\/de\/wp-json\/wp\/v2\/media?parent=32813"}],"curies":[{"name":"wp","href":"https:\/\/api.w.org\/{rel}","templated":true}]}}